{"id":9735,"date":"2023-01-26T09:12:37","date_gmt":"2023-01-26T12:12:37","guid":{"rendered":"https:\/\/www.palmaresdosul.rs.gov.br\/novosite\/?page_id=9735"},"modified":"2023-01-26T12:07:29","modified_gmt":"2023-01-26T15:07:29","slug":"escolas-da-rede-muncipal-de-ensino","status":"publish","type":"page","link":"https:\/\/palmaresdosul.rs.gov.br\/novosite\/escolas-da-rede-muncipal-de-ensino\/","title":{"rendered":"Escolas da Rede Muncipal de Ensino"},"content":{"rendered":"\t\t<div data-elementor-type=\"wp-page\" data-elementor-id=\"9735\" class=\"elementor elementor-9735\">\n\t\t\t\t\t\t<div class=\"elementor-inner\">\n\t\t\t\t<div class=\"elementor-section-wrap\">\n\t\t\t\t\t\t\t<div class=\"elementor-element elementor-element-6fd5601 e-con-boxed e-con\" data-id=\"6fd5601\" data-element_type=\"container\" data-settings=\"{&quot;content_width&quot;:&quot;boxed&quot;}\">\n\t\t\t\t\t<div class=\"e-con-inner\">\n\t\t<div class=\"elementor-element elementor-element-14dff84 e-con-full e-con\" data-id=\"14dff84\" data-element_type=\"container\" data-settings=\"{&quot;content_width&quot;:&quot;full&quot;}\">\n\t\t\t\t<div class=\"elementor-element elementor-element-696e72c elementor-nav-menu--dropdown-tablet elementor-nav-menu__text-align-aside elementor-nav-menu--toggle elementor-nav-menu--burger elementor-widget elementor-widget-nav-menu\" data-id=\"696e72c\" data-element_type=\"widget\" data-settings=\"{&quot;layout&quot;:&quot;vertical&quot;,&quot;submenu_icon&quot;:{&quot;value&quot;:&quot;&lt;i class=\\&quot;fas fa-caret-down\\&quot;&gt;&lt;\\\/i&gt;&quot;,&quot;library&quot;:&quot;fa-solid&quot;},&quot;toggle&quot;:&quot;burger&quot;}\" data-widget_type=\"nav-menu.default\">\n\t\t\t\t<div class=\"elementor-widget-container\">\n\t\t\t<link rel=\"stylesheet\" href=\"https:\/\/palmaresdosul.rs.gov.br\/novosite\/wp-content\/plugins\/elementor-pro\/assets\/css\/widget-nav-menu.min.css\">\t\t\t<nav migration_allowed=\"1\" migrated=\"0\" class=\"elementor-nav-menu--main elementor-nav-menu__container elementor-nav-menu--layout-vertical e--pointer-background e--animation-fade\">\r\n\t\t\t\t<ul id=\"menu-1-696e72c\" class=\"elementor-nav-menu sm-vertical\"><li class=\"menu-item menu-item-type-post_type menu-item-object-post menu-item-9746\"><a href=\"https:\/\/palmaresdosul.rs.gov.br\/novosite\/emei-pintando-7\/\" class=\"elementor-item\">EMEI PINTANDO 7<\/a><\/li>\n<li class=\"menu-item menu-item-type-post_type menu-item-object-post menu-item-9826\"><a href=\"https:\/\/palmaresdosul.rs.gov.br\/novosite\/emei-luluzinha\/\" class=\"elementor-item\">EMEI LULUZINHA<\/a><\/li>\n<\/ul>\t\t\t<\/nav>\r\n\t\t\t\t\t<div class=\"elementor-menu-toggle\" role=\"button\" tabindex=\"0\" aria-label=\"Menu Toggle\" aria-expanded=\"false\">\r\n\t\t\t<i aria-hidden=\"true\" role=\"presentation\" class=\"elementor-menu-toggle__icon--open eicon-menu-bar\"><\/i><i aria-hidden=\"true\" role=\"presentation\" class=\"elementor-menu-toggle__icon--close eicon-close\"><\/i>\t\t\t<span class=\"elementor-screen-only\">Menu<\/span>\r\n\t\t<\/div>\r\n\t\t\t<nav class=\"elementor-nav-menu--dropdown elementor-nav-menu__container\" aria-hidden=\"true\">\r\n\t\t\t\t<ul id=\"menu-2-696e72c\" class=\"elementor-nav-menu sm-vertical\"><li class=\"menu-item menu-item-type-post_type menu-item-object-post menu-item-9746\"><a href=\"https:\/\/palmaresdosul.rs.gov.br\/novosite\/emei-pintando-7\/\" class=\"elementor-item\" tabindex=\"-1\">EMEI PINTANDO 7<\/a><\/li>\n<li class=\"menu-item menu-item-type-post_type menu-item-object-post menu-item-9826\"><a href=\"https:\/\/palmaresdosul.rs.gov.br\/novosite\/emei-luluzinha\/\" class=\"elementor-item\" tabindex=\"-1\">EMEI LULUZINHA<\/a><\/li>\n<\/ul>\t\t\t<\/nav>\r\n\t\t\t\t<\/div>\n\t\t\t\t<\/div>\n\t\t\t\t<\/div>\n\t\t<div class=\"elementor-element elementor-element-55a2ec5 e-con-full e-con\" data-id=\"55a2ec5\" data-element_type=\"container\" data-settings=\"{&quot;content_width&quot;:&quot;full&quot;}\">\n\t\t\t\t<div class=\"elementor-element elementor-element-37b9c8a elementor-widget elementor-widget-image\" data-id=\"37b9c8a\" data-element_type=\"widget\" data-widget_type=\"image.default\">\n\t\t\t\t<div class=\"elementor-widget-container\">\n\t\t\t<style>\/*! elementor - v3.9.2 - 21-12-2022 *\/\n.elementor-widget-image{text-align:center}.elementor-widget-image a{display:inline-block}.elementor-widget-image a img[src$=\".svg\"]{width:48px}.elementor-widget-image img{vertical-align:middle;display:inline-block}<\/style>\t\t\t\t\t<div class=\"elementor-image\">\n\t\t\t\t\t\t\t\t\t\t\t\t<img loading=\"lazy\" decoding=\"async\" width=\"171\" height=\"159\" src=\"https:\/\/palmaresdosul.rs.gov.br\/novosite\/wp-content\/uploads\/2022\/03\/logo-novo-sme-2-171x159.png\" class=\"attachment-thumbnail size-thumbnail wp-image-6256\" alt=\"\" srcset=\"https:\/\/palmaresdosul.rs.gov.br\/novosite\/wp-content\/uploads\/2022\/03\/logo-novo-sme-2-171x159.png 171w, https:\/\/palmaresdosul.rs.gov.br\/novosite\/wp-content\/uploads\/2022\/03\/logo-novo-sme-2-341x318.png 341w, https:\/\/palmaresdosul.rs.gov.br\/novosite\/wp-content\/uploads\/2022\/03\/logo-novo-sme-2.png 526w\" sizes=\"auto, (max-width: 171px) 100vw, 171px\" \/>\t\t\t\t\t\t\t\t\t\t\t\t\t\t<\/div>\n\t\t\t\t\t\t<\/div>\n\t\t\t\t<\/div>\n\t\t\t\t<div class=\"elementor-element elementor-element-e099b2f elementor-widget elementor-widget-text-editor\" data-id=\"e099b2f\" data-element_type=\"widget\" data-widget_type=\"text-editor.default\">\n\t\t\t\t<div class=\"elementor-widget-container\">\n\t\t\t<style>\/*! elementor - v3.9.2 - 21-12-2022 *\/\n.elementor-widget-text-editor.elementor-drop-cap-view-stacked .elementor-drop-cap{background-color:#818a91;color:#fff}.elementor-widget-text-editor.elementor-drop-cap-view-framed .elementor-drop-cap{color:#818a91;border:3px solid;background-color:transparent}.elementor-widget-text-editor:not(.elementor-drop-cap-view-default) .elementor-drop-cap{margin-top:8px}.elementor-widget-text-editor:not(.elementor-drop-cap-view-default) .elementor-drop-cap-letter{width:1em;height:1em}.elementor-widget-text-editor .elementor-drop-cap{float:left;text-align:center;line-height:1;font-size:50px}.elementor-widget-text-editor .elementor-drop-cap-letter{display:inline-block}<\/style>\t\t\t\t\t<div class=\"elementor-text-editor elementor-clearfix\">\n\t\t\t\t<p>A Secretaria Municipal de Palmares do Sul conta com 11 Escolas, sendo 6 Escolas de Ensino Infantil e 6 Escolas de Ensino Fundamental, distribu\u00eddas em todo territ\u00f3rio palmarense.<br \/>No pr\u00e9dio administrativo da Secretaria de Educa\u00e7\u00e3o s\u00e3o ao todo 10 funcin\u00e1rios assim como segue:<\/p><ul><li>M\u00e1rcia Bins &#8211; Secret\u00e1ria Municipal<\/li><li>Daiane Vieira &#8211; Coordenadora Pedag\u00f3gica<\/li><li>\u00a0Fabiane Marques &#8211; Censo Escolar<\/li><li>Cibeli Fraga &#8211; Recursos Humano<\/li><li>Rosivani Gomes &#8211; Coordenadora de Recursos Financeiros<\/li><li>Milena Bittencourt &#8211; Almoxarifado e Log\u00edstica<\/li><li>Gustavo Erichsen &#8211; Chefe de Transporte Escolar<\/li><li>Jordana Magnus &#8211; Nutri\u00e7\u00e3o Escolar<\/li><li>Rafaela Aguiar &#8211; Nutri\u00e7\u00e3o Escolar<\/li><li>Diego Boeira &#8211; T\u00e9cnico de Inform\u00e1tica<\/li><li>Felipe Pivetta &#8211; Motorista<\/li><\/ul>\t\t\t\t\t<\/div>\n\t\t\t\t\t\t<\/div>\n\t\t\t\t<\/div>\n\t\t\t\t<\/div>\n\t\t\t\t\t<\/div>\n\t\t\t\t<\/div>\n\t\t\t\t\t\t\t\t\t<\/div>\n\t\t\t<\/div>\n\t\t\t\t\t<\/div>\n\t\t","protected":false},"excerpt":{"rendered":"<p>A Secretaria Municipal de Palmares do Sul conta com 11 Escolas, sendo 6 Escolas de Ensino Infantil e 6 Escolas de Ensino Fundamental, distribu\u00eddas em todo territ\u00f3rio palmarense.No pr\u00e9dio administrativo da Secretaria de Educa\u00e7\u00e3o s\u00e3o ao todo 10 funcin\u00e1rios assim como segue: M\u00e1rcia Bins &#8211; Secret\u00e1ria Municipal Daiane Vieira &#8211; Coordenadora Pedag\u00f3gica \u00a0Fabiane Marques &#8211; [&hellip;]<\/p>\n","protected":false},"author":1,"featured_media":0,"parent":0,"menu_order":0,"comment_status":"closed","ping_status":"closed","template":"","meta":{"footnotes":""},"class_list":["post-9735","page","type-page","status-publish","hentry"],"_links":{"self":[{"href":"https:\/\/palmaresdosul.rs.gov.br\/novosite\/wp-json\/wp\/v2\/pages\/9735","targetHints":{"allow":["GET"]}}],"collection":[{"href":"https:\/\/palmaresdosul.rs.gov.br\/novosite\/wp-json\/wp\/v2\/pages"}],"about":[{"href":"https:\/\/palmaresdosul.rs.gov.br\/novosite\/wp-json\/wp\/v2\/types\/page"}],"author":[{"embeddable":true,"href":"https:\/\/palmaresdosul.rs.gov.br\/novosite\/wp-json\/wp\/v2\/users\/1"}],"replies":[{"embeddable":true,"href":"https:\/\/palmaresdosul.rs.gov.br\/novosite\/wp-json\/wp\/v2\/comments?post=9735"}],"version-history":[{"count":10,"href":"https:\/\/palmaresdosul.rs.gov.br\/novosite\/wp-json\/wp\/v2\/pages\/9735\/revisions"}],"predecessor-version":[{"id":10247,"href":"https:\/\/palmaresdosul.rs.gov.br\/novosite\/wp-json\/wp\/v2\/pages\/9735\/revisions\/10247"}],"wp:attachment":[{"href":"https:\/\/palmaresdosul.rs.gov.br\/novosite\/wp-json\/wp\/v2\/media?parent=9735"}],"curies":[{"name":"wp","href":"https:\/\/api.w.org\/{rel}","templated":true}]}}