{"id":9296,"date":"2022-12-30T09:33:28","date_gmt":"2022-12-30T12:33:28","guid":{"rendered":"https:\/\/www.palmaresdosul.rs.gov.br\/novosite\/?page_id=9296"},"modified":"2025-01-20T11:14:00","modified_gmt":"2025-01-20T14:14:00","slug":"pesquisa-de-editais-2","status":"publish","type":"page","link":"https:\/\/palmaresdosul.rs.gov.br\/novosite\/pesquisa-de-editais-2\/","title":{"rendered":"Pesquisa de Decretos e Portarias"},"content":{"rendered":"\t\t<div data-elementor-type=\"wp-page\" data-elementor-id=\"9296\" class=\"elementor elementor-9296\">\n\t\t\t\t\t\t<div class=\"elementor-inner\">\n\t\t\t\t<div class=\"elementor-section-wrap\">\n\t\t\t\t\t\t\t<div class=\"elementor-element elementor-element-27d98d2 e-con-boxed e-con\" data-id=\"27d98d2\" data-element_type=\"container\" data-settings=\"{&quot;content_width&quot;:&quot;boxed&quot;}\">\n\t\t\t\t\t<div class=\"e-con-inner\">\n\t\t\t\t<div class=\"elementor-element elementor-element-3179117 elementor-widget elementor-widget-html\" data-id=\"3179117\" data-element_type=\"widget\" data-widget_type=\"html.default\">\n\t\t\t\t<div class=\"elementor-widget-container\">\n\t\t\t<section class=\\\"editais\\\">\n    <h2 class=\\\"editais__title\\\">\n        Documentos    <\/h2>\n<br>\n<p>\n    \n    <p>Esta p\u00e1gina disponibiliza documentos oficiais emitidos pela Prefeitura de Palmares do Sul: atas, decretos, boletins de servi\u00e7o, contratos, instru\u00e7\u00f5es normativas, planos de a\u00e7\u00e3o, portarias, termo de fomento, relat\u00f3rios e resolu\u00e7\u00f5es.<\/p>\n<p>A rela\u00e7\u00e3o abaixo est\u00e1 organizada por ordem de publica\u00e7\u00e3o ou atualiza\u00e7\u00e3o, os mais atuais aparecem primeiro. Mas \u00e9 poss\u00edvel, tamb\u00e9m, consultar por categorias. Basta clicar, no menu \u00e0 direita, no tipo de documento procurado.<\/p>\n<\/div>\n    \n<\/p>\n<\/section>\t\t<\/div>\n\t\t\t\t<\/div>\n\t\t\t\t\t<\/div>\n\t\t\t\t<\/div>\n\t\t<div class=\"elementor-element elementor-element-1942ee9 e-con-boxed e-con\" data-id=\"1942ee9\" data-element_type=\"container\" data-settings=\"{&quot;content_width&quot;:&quot;boxed&quot;}\">\n\t\t\t\t\t<div class=\"e-con-inner\">\n\t\t\t\t<div class=\"elementor-element elementor-element-31c6692 elementor-widget elementor-widget-toggle\" data-id=\"31c6692\" data-element_type=\"widget\" data-widget_type=\"toggle.default\">\n\t\t\t\t<div class=\"elementor-widget-container\">\n\t\t\t<style>\/*! elementor - v3.9.2 - 21-12-2022 *\/\n.elementor-toggle{text-align:left}.elementor-toggle .elementor-tab-title{font-weight:700;line-height:1;margin:0;padding:15px;border-bottom:1px solid #d4d4d4;cursor:pointer;outline:none}.elementor-toggle .elementor-tab-title .elementor-toggle-icon{display:inline-block;width:1em}.elementor-toggle .elementor-tab-title .elementor-toggle-icon svg{-webkit-margin-start:-5px;margin-inline-start:-5px;width:1em;height:1em}.elementor-toggle .elementor-tab-title .elementor-toggle-icon.elementor-toggle-icon-right{float:right;text-align:right}.elementor-toggle .elementor-tab-title .elementor-toggle-icon.elementor-toggle-icon-left{float:left;text-align:left}.elementor-toggle .elementor-tab-title .elementor-toggle-icon .elementor-toggle-icon-closed{display:block}.elementor-toggle .elementor-tab-title .elementor-toggle-icon .elementor-toggle-icon-opened{display:none}.elementor-toggle .elementor-tab-title.elementor-active{border-bottom:none}.elementor-toggle .elementor-tab-title.elementor-active .elementor-toggle-icon-closed{display:none}.elementor-toggle .elementor-tab-title.elementor-active .elementor-toggle-icon-opened{display:block}.elementor-toggle .elementor-tab-content{padding:15px;border-bottom:1px solid #d4d4d4;display:none}@media (max-width:767px){.elementor-toggle .elementor-tab-title{padding:12px}.elementor-toggle .elementor-tab-content{padding:12px 10px}}.e-con-inner>.elementor-widget-toggle,.e-con>.elementor-widget-toggle{width:var(--container-widget-width);--flex-grow:var(--container-widget-flex-grow)}<\/style>\t\t<div class=\"elementor-toggle\" role=\"tablist\">\n\t\t\t\t\t\t\t<div class=\"elementor-toggle-item\">\n\t\t\t\t\t<div id=\"elementor-tab-title-5211\" class=\"elementor-tab-title\" data-tab=\"1\" role=\"tab\" aria-controls=\"elementor-tab-content-5211\" aria-expanded=\"false\">\n\t\t\t\t\t\t\t\t\t\t\t\t<span class=\"elementor-toggle-icon elementor-toggle-icon-left\" aria-hidden=\"true\">\n\t\t\t\t\t\t\t\t\t\t\t\t\t\t\t<span class=\"elementor-toggle-icon-closed\"><i class=\"fas fa-caret-right\"><\/i><\/span>\n\t\t\t\t\t\t\t\t<span class=\"elementor-toggle-icon-opened\"><i class=\"elementor-toggle-icon-opened fas fa-caret-up\"><\/i><\/span>\n\t\t\t\t\t\t\t\t\t\t\t\t\t<\/span>\n\t\t\t\t\t\t\t\t\t\t\t\t<a href=\"\" class=\"elementor-toggle-title\">Filtros<\/a>\n\t\t\t\t\t<\/div>\n\n\t\t\t\t\t<div id=\"elementor-tab-content-5211\" class=\"elementor-tab-content elementor-clearfix\" data-tab=\"1\" role=\"tabpanel\" aria-labelledby=\"elementor-tab-title-5211\"><aside>\n\t<form class=\"filter__form\" action=\"https:\/\/palmaresdosul.rs.gov.br\/novosite\/?post_type=documento\" method=\"POST\">\n\t\t<fieldset class=\"form-row\">\n\t\t\t<legend class=\"col-12\"> <strong><b>Data do Documento<\/b><\/strong>\n\t\t\t<legend>\n\t\t\t\t<div class=\"form-group col-12 col-sm-6\">\n\t\t\t\t\t<label class=\"mb-sm-0 mr-sm-1\" for=\"6411345390d9c\">de<\/label>\n\t\t\t\t\t<input id=\"6411345390d9c\" class=\"form-control form-control-sm mr-sm-1\" name=\"edital-data-inicio\" type=\"date\" value=\"\" \/>\n\t\t\t\t\t<small class=\"form-text text-muted\">No formato <em>dia\/m\u00eas\/ano<\/em>, por exemplo 29\/12\/2022<\/small><\/div>\n\t\t\t\t<div class=\"form-group col-12 col-sm-6\"><label class=\"mb-sm-0 mr-sm-1\" for=\"6411345390d9f\">at\u00e9<\/label>\n\t\t\t\t\t<input id=\"6411345390d9f\" class=\"form-control form-control-sm\" name=\"edital-data-fim\" type=\"date\" value=\"\" \/>\n\t\t\t\t\t<small class=\"form-text text-muted\">No formato <em>dia\/m\u00eas\/ano<\/em>, por exemplo 29\/12\/2022<\/small><\/div><\/fieldset>\n\t\t\t\t<fieldset><legend><b>Categorias<\/b><\/legend>\n\t\t\t\t\t<fieldset><legend>Tipo<\/legend>\n\t\t\t\t\t\t<div class=\"form-check form-check-inline\"><input id=\"6010d6aee7b5c\" class=\"form-check-input\" name=\"documento_type[]\" type=\"checkbox\" value=\"decreto\" \/>\n\t\t\t\t\t\t<label class=\"form-check-label\" for=\"6010d6aee7b5c\">Decretos<\/label><\/div>\n\t\t\t\t\t\t<div class=\"form-check form-check-inline\"><input id=\"6010d6aee7b66\" class=\"form-check-input\" name=\"documento_type[]\" type=\"checkbox\" value=\"portaria\" \/>\n\t\t\t\t\t\t<label class=\"form-check-label\" for=\"6010d6aee7b66\">Portarias<\/label><\/div>\n\t\t\t\t\t\t<div class=\"form-check form-check-inline\"><input id=\"6010d6aee7b6a\" class=\"form-check-input\" name=\"documento_type[]\" type=\"checkbox\" value=\"ata\" \/>\n\t\t\t\t\t\t<label class=\"form-check-label\" for=\"6010d6aee7b6a\">Atas<\/label><\/div>\n\t\t\t\t\t\t<div class=\"form-check form-check-inline\"><input id=\"6010d6aee7b6b\" class=\"form-check-input\" name=\"documento_type[]\" type=\"checkbox\" value=\"resolucao\" \/>\n\t\t\t\t\t\t<label class=\"form-check-label\" for=\"6010d6aee7b6b\">Resolu\u00e7\u00e3o<\/label><\/div>\n\t\t\t\t\t\t<div class=\"form-check form-check-inline\"><input id=\"6010d6aee7b6c\" class=\"form-check-input\" name=\"documento_type[]\" type=\"checkbox\" value=\"fomento\" \/>\n\t\t\t\t\t\t<label class=\"form-check-label\" for=\"6010d6aee7b6c\">Termo de Fomento<\/label><\/div>\n\t\t\t\t\t\t<div class=\"form-check form-check-inline\"><input id=\"6010d6aee7b6f\" class=\"form-check-input\" name=\"documento_type[]\" type=\"checkbox\" value=\"inex\" \/>\n\t\t\t\t\t\t<label class=\"form-check-label\" for=\"6010d6aee7b6f\">Inexibilidade de Chamamento P\u00fablico<\/label><\/div>\n\t\t\t\t\t<\/fieldset>\n\t\t\t\t\t<fieldset><legend>Origem<\/legend>\n\t\t\t\t\t\t<div class=\"form-check form-check-inline\"><input id=\"6010d6aee7b6e\" class=\"form-check-input\" name=\"documento_origin[]\" type=\"checkbox\" value=\"rpps\" \/>\n\t\t\t\t\t\t<label class=\"form-check-label\" for=\"6010d6aee7b6e\">RPPS<\/label><\/div>\n\t\t\t\t\t\t<div class=\"form-check form-check-inline\"><input id=\"6010d6aee7b72\" class=\"form-check-input\" name=\"documento_origin[]\" type=\"checkbox\" value=\"adm\" \/>\n\t\t\t\t\t\t<label class=\"form-check-label\" for=\"6010d6aee7b72\">Administra\u00e7\u00e3o<\/label><\/div>\n\t\t\t\t\t\t<div class=\"form-check form-check-inline\"><input id=\"6010d6aee7b75\" class=\"form-check-input\" name=\"documento_origin[]\" type=\"checkbox\" value=\"gabinete\" \/>\n\t\t\t\t\t\t<label class=\"form-check-label\" for=\"6010d6aee7b75\">Gabinete do Prefeito<\/label><\/div>\n\t\t\t\t\t\t<div class=\"form-check form-check-inline\"><input id=\"6110d6aee7b75\" class=\"form-check-input\" name=\"documento_origin[]\" type=\"checkbox\" value=\"financa\" \/>\n\t\t\t\t\t\t<label class=\"form-check-label\" for=\"610d6aee7b75\">Finan\u00e7as<\/label><\/div>\n\t\t\t\t\t<\/fieldset>\n\t\t\t\t\t\t<div class=\"btn-group\" role=\"group\" aria-label=\"A\u00e7\u00f5es do Filtro\"><input class=\"btn btn-primary\" type=\"submit\" value=\"Filtrar\" \/>\n\t\t\t\t\t\t<a href=\"https:\/\/palmaresdosul.rs.gov.br\/novosite\/?post_type=documento\" class=\"btn btn-outline-secondary\" role=\"link\">Limpar<\/a><\/div>\n\t\t\t\t<\/fieldset>\n\t<form>\n<\/aside><\/div>\n\t\t\t\t<\/div>\n\t\t\t\t\t\t\t\t<\/div>\n\t\t\t\t<\/div>\n\t\t\t\t<\/div>\n\t\t\t\t\t<\/div>\n\t\t\t\t<\/div>\n\t\t\t\t<section class=\"elementor-section elementor-inner-section elementor-element elementor-element-cafef54 elementor-section-boxed elementor-section-height-default elementor-section-height-default\" data-id=\"cafef54\" data-element_type=\"section\">\n\t\t\t\t\t\t<div class=\"elementor-container elementor-column-gap-default\">\n\t\t\t\t\t\t\t<div class=\"elementor-row\">\n\t\t\t\t\t<div class=\"elementor-column elementor-col-50 elementor-inner-column elementor-element elementor-element-7b10a16\" data-id=\"7b10a16\" data-element_type=\"column\">\n\t\t\t<div class=\"elementor-column-wrap elementor-element-populated\">\n\t\t\t\t\t\t\t<div class=\"elementor-widget-wrap\">\n\t\t\t\t\t\t<div class=\"elementor-element elementor-element-f81bb55 elementor-widget elementor-widget-spacer\" data-id=\"f81bb55\" data-element_type=\"widget\" data-widget_type=\"spacer.default\">\n\t\t\t\t<div class=\"elementor-widget-container\">\n\t\t\t<style>\/*! elementor - v3.9.2 - 21-12-2022 *\/\n.elementor-column .elementor-spacer-inner{height:var(--spacer-size)}.e-con{--container-widget-width:100%}.e-con-inner>.elementor-widget-spacer,.e-con>.elementor-widget-spacer{width:var(--container-widget-width,var(--spacer-size));--align-self:var(--container-widget-align-self,initial);--flex-shrink:0}.e-con-inner>.elementor-widget-spacer>.elementor-widget-container,.e-con-inner>.elementor-widget-spacer>.elementor-widget-container>.elementor-spacer,.e-con>.elementor-widget-spacer>.elementor-widget-container,.e-con>.elementor-widget-spacer>.elementor-widget-container>.elementor-spacer{height:100%}.e-con-inner>.elementor-widget-spacer>.elementor-widget-container>.elementor-spacer>.elementor-spacer-inner,.e-con>.elementor-widget-spacer>.elementor-widget-container>.elementor-spacer>.elementor-spacer-inner{height:var(--container-widget-height,var(--spacer-size))}<\/style>\t\t<div class=\"elementor-spacer\">\n\t\t\t<div class=\"elementor-spacer-inner\"><\/div>\n\t\t<\/div>\n\t\t\t\t<\/div>\n\t\t\t\t<\/div>\n\t\t\t\t\t\t<\/div>\n\t\t\t\t\t<\/div>\n\t\t<\/div>\n\t\t\t\t<div class=\"elementor-column elementor-col-50 elementor-inner-column elementor-element elementor-element-ebb9cab\" data-id=\"ebb9cab\" data-element_type=\"column\">\n\t\t\t<div class=\"elementor-column-wrap elementor-element-populated\">\n\t\t\t\t\t\t\t<div class=\"elementor-widget-wrap\">\n\t\t\t\t\t\t<div class=\"elementor-element elementor-element-3b6f99b elementor-widget elementor-widget-spacer\" data-id=\"3b6f99b\" data-element_type=\"widget\" data-widget_type=\"spacer.default\">\n\t\t\t\t<div class=\"elementor-widget-container\">\n\t\t\t\t\t<div class=\"elementor-spacer\">\n\t\t\t<div class=\"elementor-spacer-inner\"><\/div>\n\t\t<\/div>\n\t\t\t\t<\/div>\n\t\t\t\t<\/div>\n\t\t\t\t\t\t<\/div>\n\t\t\t\t\t<\/div>\n\t\t<\/div>\n\t\t\t\t\t\t\t\t<\/div>\n\t\t\t\t\t<\/div>\n\t\t<\/section>\n\t\t\t\t<section class=\"elementor-section elementor-top-section elementor-element elementor-element-8faee9a elementor-section-boxed elementor-section-height-default elementor-section-height-default\" data-id=\"8faee9a\" data-element_type=\"section\">\n\t\t\t\t\t\t<div class=\"elementor-container elementor-column-gap-default\">\n\t\t\t\t\t\t\t<div class=\"elementor-row\">\n\t\t\t\t\t<div class=\"elementor-column elementor-col-100 elementor-top-column elementor-element elementor-element-6be8308\" data-id=\"6be8308\" data-element_type=\"column\">\n\t\t\t<div class=\"elementor-column-wrap elementor-element-populated\">\n\t\t\t\t\t\t\t<div class=\"elementor-widget-wrap\">\n\t\t\t\t\t\t<div class=\"elementor-element elementor-element-2083736 elementor-widget elementor-widget-heading\" data-id=\"2083736\" data-element_type=\"widget\" data-widget_type=\"heading.default\">\n\t\t\t\t<div class=\"elementor-widget-container\">\n\t\t\t<style>\/*! elementor - v3.9.2 - 21-12-2022 *\/\n.elementor-heading-title{padding:0;margin:0;line-height:1}.elementor-widget-heading .elementor-heading-title[class*=elementor-size-]>a{color:inherit;font-size:inherit;line-height:inherit}.elementor-widget-heading .elementor-heading-title.elementor-size-small{font-size:15px}.elementor-widget-heading .elementor-heading-title.elementor-size-medium{font-size:19px}.elementor-widget-heading .elementor-heading-title.elementor-size-large{font-size:29px}.elementor-widget-heading .elementor-heading-title.elementor-size-xl{font-size:39px}.elementor-widget-heading .elementor-heading-title.elementor-size-xxl{font-size:59px}<\/style><h3 class=\"elementor-heading-title elementor-size-default\">\u00daltimos Documentos<\/h3>\t\t<\/div>\n\t\t\t\t<\/div>\n\t\t\t\t<div class=\"elementor-element elementor-element-356e4b5 elementor-grid-1 elementor-grid-tablet-2 elementor-grid-mobile-1 elementor-posts--thumbnail-top elementor-widget elementor-widget-posts\" data-id=\"356e4b5\" data-element_type=\"widget\" data-settings=\"{&quot;classic_columns&quot;:&quot;1&quot;,&quot;pagination_type&quot;:&quot;numbers&quot;,&quot;classic_columns_tablet&quot;:&quot;2&quot;,&quot;classic_columns_mobile&quot;:&quot;1&quot;,&quot;classic_row_gap&quot;:{&quot;unit&quot;:&quot;px&quot;,&quot;size&quot;:35,&quot;sizes&quot;:[]},&quot;classic_row_gap_tablet&quot;:{&quot;unit&quot;:&quot;px&quot;,&quot;size&quot;:&quot;&quot;,&quot;sizes&quot;:[]},&quot;classic_row_gap_mobile&quot;:{&quot;unit&quot;:&quot;px&quot;,&quot;size&quot;:&quot;&quot;,&quot;sizes&quot;:[]}}\" data-widget_type=\"posts.classic\">\n\t\t\t\t<div class=\"elementor-widget-container\">\n\t\t\t<link rel=\"stylesheet\" href=\"https:\/\/palmaresdosul.rs.gov.br\/novosite\/wp-content\/plugins\/elementor-pro\/assets\/css\/widget-posts.min.css\">\t\t<div class=\"elementor-posts-container elementor-posts elementor-posts--skin-classic elementor-grid\">\r\n\t\t\t\t<article class=\"elementor-post elementor-grid-item post-19335 documento type-documento status-publish hentry documento_type-decreto documento_origin-gabinete\">\r\n\t\t\t\t<div class=\"elementor-post__text\">\r\n\t\t\t\t<span class=\"elementor-post__title\">\r\n\t\t\t<a href=\"https:\/\/palmaresdosul.rs.gov.br\/novosite\/documentos\/decreto-no-8-400-de-22-de-abril-de-2026\/\" >\r\n\t\t\t\tDECRETO N\u00ba 8.400, DE 22 DE ABRIL DE 2026.\t\t\t<\/a>\r\n\t\t<\/span>\r\n\t\t\t\t<div class=\"elementor-post__meta-data\">\r\n\t\t\t\t\t<span class=\"elementor-post-date\">\r\n\t\t\t23 de abril de 2026\t\t<\/span>\r\n\t\t\t\t<\/div>\r\n\t\t\t\t<div class=\"elementor-post__excerpt\">\r\n\t\t\t<p>Regulamenta o sorteio do programa de est\u00edmulo ao aumento da arrecada\u00e7\u00e3o &#8220;Reconstruir Palmares, sua nota vale dinheiro\u201d.<\/p>\n\t\t<\/div>\r\n\t\t\r\n\t\t<a class=\"elementor-post__read-more\" href=\"https:\/\/palmaresdosul.rs.gov.br\/novosite\/documentos\/decreto-no-8-400-de-22-de-abril-de-2026\/\" >\r\n\t\t\tLeia mais \u00bb\t\t<\/a>\r\n\r\n\t\t\t\t<\/div>\r\n\t\t\t\t<\/article>\r\n\t\t\t\t<article class=\"elementor-post elementor-grid-item post-18976 documento type-documento status-publish hentry documento_type-decreto documento_origin-gabinete\">\r\n\t\t\t\t<div class=\"elementor-post__text\">\r\n\t\t\t\t<span class=\"elementor-post__title\">\r\n\t\t\t<a href=\"https:\/\/palmaresdosul.rs.gov.br\/novosite\/documentos\/decreto-no-8-346-de-25-de-fevereiro-de-2026\/\" >\r\n\t\t\t\tDECRETO N\u00ba 8.346, DE 25 DE FEVEREIRO DE 2026.\t\t\t<\/a>\r\n\t\t<\/span>\r\n\t\t\t\t<div class=\"elementor-post__meta-data\">\r\n\t\t\t\t\t<span class=\"elementor-post-date\">\r\n\t\t\t25 de fevereiro de 2026\t\t<\/span>\r\n\t\t\t\t<\/div>\r\n\t\t\t\t<div class=\"elementor-post__excerpt\">\r\n\t\t\t<p>Disp\u00f5e sobre a arrecada\u00e7\u00e3o de im\u00f3vel urbano considerado vago por abandono e d\u00e1 outras provid\u00eancias.<\/p>\n\t\t<\/div>\r\n\t\t\r\n\t\t<a class=\"elementor-post__read-more\" href=\"https:\/\/palmaresdosul.rs.gov.br\/novosite\/documentos\/decreto-no-8-346-de-25-de-fevereiro-de-2026\/\" >\r\n\t\t\tLeia mais \u00bb\t\t<\/a>\r\n\r\n\t\t\t\t<\/div>\r\n\t\t\t\t<\/article>\r\n\t\t\t\t<article class=\"elementor-post elementor-grid-item post-18966 documento type-documento status-publish hentry documento_type-decreto documento_origin-gabinete\">\r\n\t\t\t\t<div class=\"elementor-post__text\">\r\n\t\t\t\t<span class=\"elementor-post__title\">\r\n\t\t\t<a href=\"https:\/\/palmaresdosul.rs.gov.br\/novosite\/documentos\/decreto-n-o-8-341-de-19-de-fevereiro-de-2026\/\" >\r\n\t\t\t\tDECRETO N.\u00ba 8.341, DE 19 DE FEVEREIRO DE 2026.\t\t\t<\/a>\r\n\t\t<\/span>\r\n\t\t\t\t<div class=\"elementor-post__meta-data\">\r\n\t\t\t\t\t<span class=\"elementor-post-date\">\r\n\t\t\t19 de fevereiro de 2026\t\t<\/span>\r\n\t\t\t\t<\/div>\r\n\t\t\t\t<div class=\"elementor-post__excerpt\">\r\n\t\t\t<p>Declara de utilidade p\u00fablica para fins de desapropria\u00e7\u00e3o amig\u00e1vel ou judicial, im\u00f3vel que especifica e d\u00e1 outras provid\u00eancias.<\/p>\n\t\t<\/div>\r\n\t\t\r\n\t\t<a class=\"elementor-post__read-more\" href=\"https:\/\/palmaresdosul.rs.gov.br\/novosite\/documentos\/decreto-n-o-8-341-de-19-de-fevereiro-de-2026\/\" >\r\n\t\t\tLeia mais \u00bb\t\t<\/a>\r\n\r\n\t\t\t\t<\/div>\r\n\t\t\t\t<\/article>\r\n\t\t\t\t<article class=\"elementor-post elementor-grid-item post-18838 documento type-documento status-publish hentry documento_type-decreto documento_origin-gabinete\">\r\n\t\t\t\t<div class=\"elementor-post__text\">\r\n\t\t\t\t<span class=\"elementor-post__title\">\r\n\t\t\t<a href=\"https:\/\/palmaresdosul.rs.gov.br\/novosite\/documentos\/decreto-no-8-316-de-21-de-janeiro-de-2026\/\" >\r\n\t\t\t\tDECRETO N\u00ba 8.316, DE 21 DE JANEIRO DE 2026\t\t\t<\/a>\r\n\t\t<\/span>\r\n\t\t\t\t<div class=\"elementor-post__meta-data\">\r\n\t\t\t\t\t<span class=\"elementor-post-date\">\r\n\t\t\t21 de janeiro de 2026\t\t<\/span>\r\n\t\t\t\t<\/div>\r\n\t\t\t\t<div class=\"elementor-post__excerpt\">\r\n\t\t\t<p>Declara de utilidade p\u00fablica para fins de desapropria\u00e7\u00e3o amig\u00e1vel ou judicial, im\u00f3vel sem registro imobili\u00e1rio (matr\u00edcula) necess\u00e1rio para a constru\u00e7\u00e3o de um posto de sa\u00fade<\/p>\n\t\t<\/div>\r\n\t\t\r\n\t\t<a class=\"elementor-post__read-more\" href=\"https:\/\/palmaresdosul.rs.gov.br\/novosite\/documentos\/decreto-no-8-316-de-21-de-janeiro-de-2026\/\" >\r\n\t\t\tLeia mais \u00bb\t\t<\/a>\r\n\r\n\t\t\t\t<\/div>\r\n\t\t\t\t<\/article>\r\n\t\t\t\t<article class=\"elementor-post elementor-grid-item post-17162 documento type-documento status-publish hentry documento_type-inex documento_origin-adm\">\r\n\t\t\t\t<div class=\"elementor-post__text\">\r\n\t\t\t\t<span class=\"elementor-post__title\">\r\n\t\t\t<a href=\"https:\/\/palmaresdosul.rs.gov.br\/novosite\/documentos\/da-ciencia-de-homologacao-de-chamamento-publico-para-organizacoes-da-sociedade-civil-osc\/\" >\r\n\t\t\t\tD\u00e1 ci\u00eancia de homologa\u00e7\u00e3o de chamamento p\u00fablico para Organiza\u00e7\u00f5es da Sociedade Civil (OSC)\t\t\t<\/a>\r\n\t\t<\/span>\r\n\t\t\t\t<div class=\"elementor-post__meta-data\">\r\n\t\t\t\t\t<span class=\"elementor-post-date\">\r\n\t\t\t4 de dezembro de 2025\t\t<\/span>\r\n\t\t\t\t<\/div>\r\n\t\t\t\t<div class=\"elementor-post__excerpt\">\r\n\t\t\t\t\t<\/div>\r\n\t\t\r\n\t\t<a class=\"elementor-post__read-more\" href=\"https:\/\/palmaresdosul.rs.gov.br\/novosite\/documentos\/da-ciencia-de-homologacao-de-chamamento-publico-para-organizacoes-da-sociedade-civil-osc\/\" >\r\n\t\t\tLeia mais \u00bb\t\t<\/a>\r\n\r\n\t\t\t\t<\/div>\r\n\t\t\t\t<\/article>\r\n\t\t\t\t<article class=\"elementor-post elementor-grid-item post-16494 documento type-documento status-publish hentry documento_type-decreto documento_origin-gabinete\">\r\n\t\t\t\t<div class=\"elementor-post__text\">\r\n\t\t\t\t<span class=\"elementor-post__title\">\r\n\t\t\t<a href=\"https:\/\/palmaresdosul.rs.gov.br\/novosite\/documentos\/decreto-no-8-215-de-19-de-novembro-de-2025\/\" >\r\n\t\t\t\tDECRETO N\u00ba 8.215, DE 19 DE NOVEMBRO DE 2025.\t\t\t<\/a>\r\n\t\t<\/span>\r\n\t\t\t\t<div class=\"elementor-post__meta-data\">\r\n\t\t\t\t\t<span class=\"elementor-post-date\">\r\n\t\t\t19 de novembro de 2025\t\t<\/span>\r\n\t\t\t\t<\/div>\r\n\t\t\t\t<div class=\"elementor-post__excerpt\">\r\n\t\t\t<p>DECLARA DE UTILIDADE P\u00daBLICA PARA FINS DE DESAPROPRIA\u00c7\u00c3O, O IM\u00d3VEL QUE DESCREVE.<\/p>\n\t\t<\/div>\r\n\t\t\r\n\t\t<a class=\"elementor-post__read-more\" href=\"https:\/\/palmaresdosul.rs.gov.br\/novosite\/documentos\/decreto-no-8-215-de-19-de-novembro-de-2025\/\" >\r\n\t\t\tLeia mais \u00bb\t\t<\/a>\r\n\r\n\t\t\t\t<\/div>\r\n\t\t\t\t<\/article>\r\n\t\t\t\t<\/div>\r\n\t\t\r\n\t\t\t\t<div class=\"e-load-more-anchor\" data-page=\"1\" data-max-page=\"130\" data-next-page=\"https:\/\/palmaresdosul.rs.gov.br\/novosite\/wp-json\/wp\/v2\/pages\/9296\/page\/2\/\"><\/div>\r\n\t\t\t\t<nav class=\"elementor-pagination\" aria-label=\"Pagination\">\r\n\t\t\t<span aria-current=\"page\" class=\"page-numbers current\"><span class=\"elementor-screen-only\">Page<\/span>1<\/span>\n<a class=\"page-numbers\" href=\"https:\/\/palmaresdosul.rs.gov.br\/novosite\/wp-json\/wp\/v2\/pages\/9296\/page\/2\/\"><span class=\"elementor-screen-only\">Page<\/span>2<\/a>\n<a class=\"page-numbers\" href=\"https:\/\/palmaresdosul.rs.gov.br\/novosite\/wp-json\/wp\/v2\/pages\/9296\/page\/3\/\"><span class=\"elementor-screen-only\">Page<\/span>3<\/a>\n<a class=\"page-numbers\" href=\"https:\/\/palmaresdosul.rs.gov.br\/novosite\/wp-json\/wp\/v2\/pages\/9296\/page\/4\/\"><span class=\"elementor-screen-only\">Page<\/span>4<\/a>\n<a class=\"page-numbers\" href=\"https:\/\/palmaresdosul.rs.gov.br\/novosite\/wp-json\/wp\/v2\/pages\/9296\/page\/5\/\"><span class=\"elementor-screen-only\">Page<\/span>5<\/a>\t\t<\/nav>\r\n\t\t\t\t<\/div>\n\t\t\t\t<\/div>\n\t\t\t\t\t\t<\/div>\n\t\t\t\t\t<\/div>\n\t\t<\/div>\n\t\t\t\t\t\t\t\t<\/div>\n\t\t\t\t\t<\/div>\n\t\t<\/section>\n\t\t\t\t<section class=\"elementor-section elementor-top-section elementor-element elementor-element-47c3190 elementor-section-boxed elementor-section-height-default elementor-section-height-default\" data-id=\"47c3190\" data-element_type=\"section\">\n\t\t\t\t\t\t<div class=\"elementor-container elementor-column-gap-default\">\n\t\t\t\t\t\t\t<div class=\"elementor-row\">\n\t\t\t\t\t<div class=\"elementor-column elementor-col-100 elementor-top-column elementor-element elementor-element-d3dfb3c\" data-id=\"d3dfb3c\" data-element_type=\"column\">\n\t\t\t<div class=\"elementor-column-wrap\">\n\t\t\t\t\t\t\t<div class=\"elementor-widget-wrap\">\n\t\t\t\t\t\t\t\t<\/div>\n\t\t\t\t\t<\/div>\n\t\t<\/div>\n\t\t\t\t\t\t\t\t<\/div>\n\t\t\t\t\t<\/div>\n\t\t<\/section>\n\t\t\t\t\t\t\t\t\t<\/div>\n\t\t\t<\/div>\n\t\t\t\t\t<\/div>\n\t\t","protected":false},"excerpt":{"rendered":"<p>Documentos Esta p\u00e1gina disponibiliza documentos oficiais emitidos pela Prefeitura de Palmares do Sul: atas, decretos, boletins de servi\u00e7o, contratos, instru\u00e7\u00f5es normativas, planos de a\u00e7\u00e3o, portarias, termo de fomento, relat\u00f3rios e resolu\u00e7\u00f5es. A rela\u00e7\u00e3o abaixo est\u00e1 organizada por ordem de publica\u00e7\u00e3o ou atualiza\u00e7\u00e3o, os mais atuais aparecem primeiro. Mas \u00e9 poss\u00edvel, tamb\u00e9m, consultar por categorias. Basta [&hellip;]<\/p>\n","protected":false},"author":1,"featured_media":0,"parent":0,"menu_order":0,"comment_status":"closed","ping_status":"closed","template":"","meta":{"footnotes":""},"class_list":["post-9296","page","type-page","status-publish","hentry"],"_links":{"self":[{"href":"https:\/\/palmaresdosul.rs.gov.br\/novosite\/wp-json\/wp\/v2\/pages\/9296","targetHints":{"allow":["GET"]}}],"collection":[{"href":"https:\/\/palmaresdosul.rs.gov.br\/novosite\/wp-json\/wp\/v2\/pages"}],"about":[{"href":"https:\/\/palmaresdosul.rs.gov.br\/novosite\/wp-json\/wp\/v2\/types\/page"}],"author":[{"embeddable":true,"href":"https:\/\/palmaresdosul.rs.gov.br\/novosite\/wp-json\/wp\/v2\/users\/1"}],"replies":[{"embeddable":true,"href":"https:\/\/palmaresdosul.rs.gov.br\/novosite\/wp-json\/wp\/v2\/comments?post=9296"}],"version-history":[{"count":29,"href":"https:\/\/palmaresdosul.rs.gov.br\/novosite\/wp-json\/wp\/v2\/pages\/9296\/revisions"}],"predecessor-version":[{"id":18846,"href":"https:\/\/palmaresdosul.rs.gov.br\/novosite\/wp-json\/wp\/v2\/pages\/9296\/revisions\/18846"}],"wp:attachment":[{"href":"https:\/\/palmaresdosul.rs.gov.br\/novosite\/wp-json\/wp\/v2\/media?parent=9296"}],"curies":[{"name":"wp","href":"https:\/\/api.w.org\/{rel}","templated":true}]}}