{"id":800,"date":"2018-10-24T08:54:26","date_gmt":"2018-10-24T11:54:26","guid":{"rendered":"http:\/\/trr20180930225924958.domtemporario.com.br\/pmps\/?page_id=800"},"modified":"2023-03-24T09:45:58","modified_gmt":"2023-03-24T12:45:58","slug":"historia-do-municipio","status":"publish","type":"page","link":"https:\/\/palmaresdosul.rs.gov.br\/novosite\/historia-do-municipio\/","title":{"rendered":"Hist\u00f3ria do Munic\u00edpio"},"content":{"rendered":"\t\t<div data-elementor-type=\"wp-post\" data-elementor-id=\"800\" class=\"elementor elementor-800\">\n\t\t\t\t\t\t<div class=\"elementor-inner\">\n\t\t\t\t<div class=\"elementor-section-wrap\">\n\t\t\t\t\t\t\t<div class=\"elementor-element elementor-element-d719bdb e-con-boxed e-con\" data-id=\"d719bdb\" data-element_type=\"container\" data-settings=\"{&quot;content_width&quot;:&quot;boxed&quot;}\">\n\t\t\t\t\t<div class=\"e-con-inner\">\n\t\t\t\t<div class=\"elementor-element elementor-element-6eff9d4 elementor-widget elementor-widget-image\" data-id=\"6eff9d4\" data-element_type=\"widget\" data-widget_type=\"image.default\">\n\t\t\t\t<div class=\"elementor-widget-container\">\n\t\t\t<style>\/*! elementor - v3.9.2 - 21-12-2022 *\/\n.elementor-widget-image{text-align:center}.elementor-widget-image a{display:inline-block}.elementor-widget-image a img[src$=\".svg\"]{width:48px}.elementor-widget-image img{vertical-align:middle;display:inline-block}<\/style>\t\t\t\t\t<div class=\"elementor-image\">\n\t\t\t\t\t\t\t\t\t\t\t\t<img loading=\"lazy\" decoding=\"async\" width=\"640\" height=\"220\" src=\"https:\/\/palmaresdosul.rs.gov.br\/novosite\/wp-content\/uploads\/2018\/10\/palmares.-ponte-de-pedra.-Imagem.palmares-do-sul-pnte-imperial-facebbok-2-640x220.jpg\" class=\"attachment-large size-large wp-image-7508\" alt=\"\" \/>\t\t\t\t\t\t\t\t\t\t\t\t\t\t<\/div>\n\t\t\t\t\t\t<\/div>\n\t\t\t\t<\/div>\n\t\t\t\t\t<\/div>\n\t\t\t\t<\/div>\n\t\t<div class=\"elementor-element elementor-element-c920fb9 e-con-boxed e-con\" data-id=\"c920fb9\" data-element_type=\"container\" data-settings=\"{&quot;content_width&quot;:&quot;boxed&quot;}\">\n\t\t\t\t\t<div class=\"e-con-inner\">\n\t\t\t\t<div class=\"elementor-element elementor-element-7e6ebf9 elementor-widget elementor-widget-heading\" data-id=\"7e6ebf9\" data-element_type=\"widget\" data-widget_type=\"heading.default\">\n\t\t\t\t<div class=\"elementor-widget-container\">\n\t\t\t<style>\/*! elementor - v3.9.2 - 21-12-2022 *\/\n.elementor-heading-title{padding:0;margin:0;line-height:1}.elementor-widget-heading .elementor-heading-title[class*=elementor-size-]>a{color:inherit;font-size:inherit;line-height:inherit}.elementor-widget-heading .elementor-heading-title.elementor-size-small{font-size:15px}.elementor-widget-heading .elementor-heading-title.elementor-size-medium{font-size:19px}.elementor-widget-heading .elementor-heading-title.elementor-size-large{font-size:29px}.elementor-widget-heading .elementor-heading-title.elementor-size-xl{font-size:39px}.elementor-widget-heading .elementor-heading-title.elementor-size-xxl{font-size:59px}<\/style><h1 class=\"elementor-heading-title elementor-size-default\">PALMARES DO SUL<\/h1>\t\t<\/div>\n\t\t\t\t<\/div>\n\t\t\t\t\t<\/div>\n\t\t\t\t<\/div>\n\t\t\t\t<section class=\"elementor-section elementor-top-section elementor-element elementor-element-3c928b1b elementor-section-boxed elementor-section-height-default elementor-section-height-default\" data-id=\"3c928b1b\" data-element_type=\"section\">\n\t\t\t\t\t\t<div class=\"elementor-container elementor-column-gap-default\">\n\t\t\t\t\t\t\t<div class=\"elementor-row\">\n\t\t\t\t\t<div class=\"elementor-column elementor-col-100 elementor-top-column elementor-element elementor-element-74fd818f\" data-id=\"74fd818f\" data-element_type=\"column\">\n\t\t\t<div class=\"elementor-column-wrap elementor-element-populated\">\n\t\t\t\t\t\t\t<div class=\"elementor-widget-wrap\">\n\t\t\t\t\t\t<div class=\"elementor-element elementor-element-3f26f4c1 elementor-drop-cap-yes elementor-drop-cap-view-default elementor-widget elementor-widget-text-editor\" data-id=\"3f26f4c1\" data-element_type=\"widget\" data-settings=\"{&quot;drop_cap&quot;:&quot;yes&quot;}\" data-widget_type=\"text-editor.default\">\n\t\t\t\t<div class=\"elementor-widget-container\">\n\t\t\t<style>\/*! elementor - v3.9.2 - 21-12-2022 *\/\n.elementor-widget-text-editor.elementor-drop-cap-view-stacked .elementor-drop-cap{background-color:#818a91;color:#fff}.elementor-widget-text-editor.elementor-drop-cap-view-framed .elementor-drop-cap{color:#818a91;border:3px solid;background-color:transparent}.elementor-widget-text-editor:not(.elementor-drop-cap-view-default) .elementor-drop-cap{margin-top:8px}.elementor-widget-text-editor:not(.elementor-drop-cap-view-default) .elementor-drop-cap-letter{width:1em;height:1em}.elementor-widget-text-editor .elementor-drop-cap{float:left;text-align:center;line-height:1;font-size:50px}.elementor-widget-text-editor .elementor-drop-cap-letter{display:inline-block}<\/style>\t\t\t\t\t<div class=\"elementor-text-editor elementor-clearfix\">\n\t\t\t\t<p><!--vcv no format--><\/p><div class=\"vce-row-container\"><div id=\"el-3acec5c0\" class=\"vce-row vce-row--col-gap-30 vce-row-columns--top vce-row-content--top\" data-vce-do-apply=\"all el-3acec5c0\"><div class=\"vce-row-content\" data-vce-element-content=\"true\"><div id=\"el-3a826e8d\" class=\"vce-col vce-col--md-100p vce-col--xs-1 vce-col--xs-last vce-col--xs-first vce-col--sm-last vce-col--sm-first vce-col--md-last vce-col--lg-last vce-col--xl-last vce-col--md-first vce-col--lg-first vce-col--xl-first\" data-vce-do-apply=\"background border el-3a826e8d\"><div class=\"vce-col-inner\" data-vce-element-content=\"true\" data-vce-do-apply=\"padding margin el-3a826e8d\"><div class=\"vce-text-block\"><div id=\"el-3c72d10c\" class=\"vce-text-block-wrapper vce\" data-vce-do-apply=\"all el-3c72d10c\"><p>A ocupa\u00e7\u00e3o do territ\u00f3rio atual de Palmares do Sul \u00e9 muito antiga. As primeiras fam\u00edlias ocuparam essa regi\u00e3o depois de abril de 1763, quando fugiram de Rio Grande face a invas\u00e3o espanhola que tomou a cidade e tamb\u00e9m S\u00e3o Jos\u00e9 do Norte. A presen\u00e7a dessas fam\u00edlias foi consolidada em 1773, quando os portugueses recuperaram o territ\u00f3rio at\u00e9 os limites do Chu\u00ed. Da\u00ed, as sesmarias foram povoadas por grandes manadas de gado vacum, cavalar e ovino, formando assim a base econ\u00f4mica da regi\u00e3o at\u00e9 o ano de 1936. O munic\u00edpio foi criado no per\u00edodo do Brasil Imp\u00e9rio, como distrito pertencente ao munic\u00edpio de Vila da Concei\u00e7\u00e3o do Arroio, hoje chamado de Os\u00f3rio. Entre 1920 e 1950 ganhou import\u00e2ncia com a implanta\u00e7\u00e3o de um porto \u00e0s margens do Rio Palmares, como tamb\u00e9m uma ferrovia at\u00e9 Os\u00f3rio. Formou-se, ent\u00e3o, um entroncamento hidroferrovi\u00e1rio que ligava Torres, Os\u00f3rio e Palmares do Sul com a capital Porto Alegre. O nome \u201cPalmares\u201d foi escolhido pelos primeiros moradores portugueses ainda no s\u00e9culo XVIII, visto que nas redondezas havia grande quantidade de butiatuvas (ou butiatubas), cujo conjunto forma aquilo que os portugueses denominavam de \u201cpalmares\u201d. Na palavra butiatuba, \u201ctuba\u201d significa \u201clugar\u201d e \u201cbuti\u00e1\u201d significa \u201cplanta\u201d, na l\u00edngua tupi-guarani. \u00c9 uma planta da fam\u00edlia das palm\u00e1ceas, que se adaptam bem ao solo e ao clima da regi\u00e3o. A adi\u00e7\u00e3o do termo \u201cdo Sul\u201d se deu porque, por volta de 1944, surgiu uma ordem federal de que n\u00e3o poderia haver, dentro de um estado ou pa\u00eds, cidades de nomes semelhantes. Assim, devido \u00e0 revelia dos palmarenses, o nome do distrito de Palmares passou a ser Em\u00edlio Meyer. Somente em 1950 o nome original voltou a ser Palmares, agora agregado ao determinativo \u201cdo Sul\u201d. Isso ocorreu pois existe um munic\u00edpio com o nome de Palmares, em Pernambuco, que por ser mais antigo teve o privil\u00e9gio de permanecer com o seu nome original. Tal fato foi oficializado por lei da C\u00e2mara de Vereadores de Os\u00f3rio por iniciativa de Ant\u00f4nio de Azevedo Pereira, morador de Palmares do Sul.<\/p><p>\u00a0<\/p><p>Refer\u00eancia: Pereira, Marco Ant\u00f4nio Velho \u2013 \u201cO RINC\u00c3O DOS PALMARES \u2013 Os Primeiros Palmarenses do Rio Grande do Sul\u201d. Editora Raupp, 1994, 1. ed., Porto Alegre, ISBN 85-908001-1-3.<\/p><p>\u00a0<\/p><p>Os campos que hoje comp\u00f5em o munic\u00edpio de Palmares do Sul foram doados por meio de sesmarias.<\/p><\/div><\/div><\/div><\/div><\/div><\/div><\/div><div class=\"vce-row-container\"><div id=\"el-799fe366\" class=\"vce-row vce-row--col-gap-30 vce-row-columns--top vce-row-content--top\" data-vce-do-apply=\"all el-799fe366\"><div class=\"vce-row-content\" data-vce-element-content=\"true\"><div id=\"el-2afa6ce6\" class=\"vce-col vce-col--md-100p vce-col--xs-1 vce-col--xs-last vce-col--xs-first vce-col--sm-last vce-col--sm-first vce-col--md-last vce-col--lg-last vce-col--xl-last vce-col--md-first vce-col--lg-first vce-col--xl-first\" data-vce-do-apply=\"background border el-2afa6ce6\"><div class=\"vce-col-inner\" data-vce-element-content=\"true\" data-vce-do-apply=\"padding margin el-2afa6ce6\">\u00a0<\/div><\/div><\/div><\/div><\/div><div class=\"vce-row-container\"><div id=\"el-8ecde752\" class=\"vce-row vce-row--col-gap-30 vce-row-columns--top vce-row-content--top\" data-vce-do-apply=\"all el-8ecde752\"><div class=\"vce-row-content\" data-vce-element-content=\"true\"><div id=\"el-6b222b84\" class=\"vce-col vce-col--md-auto vce-col--xs-1 vce-col--xs-last vce-col--xs-first vce-col--sm-last vce-col--sm-first vce-col--md-last vce-col--lg-last vce-col--xl-last vce-col--md-first vce-col--lg-first vce-col--xl-first\" data-vce-do-apply=\"background border el-6b222b84\"><div class=\"vce-col-inner\" data-vce-element-content=\"true\" data-vce-do-apply=\"padding margin el-6b222b84\"><div class=\"vce-text-block\"><div id=\"el-c22a5090\" class=\"vce-text-block-wrapper vce\" data-vce-do-apply=\"all el-c22a5090\"><h2>\u00a0<\/h2><p>Fonte: P\u00e1gina Fortalecendo Nossa Hist\u00f3ria no Facebook; Acervo da Casa de Cultura de Palmares do Sul.<\/p><\/div><\/div><\/div><\/div><\/div><\/div><\/div><p><!--vcv no format--><\/p>\t\t\t\t\t<\/div>\n\t\t\t\t\t\t<\/div>\n\t\t\t\t<\/div>\n\t\t\t\t\t\t<\/div>\n\t\t\t\t\t<\/div>\n\t\t<\/div>\n\t\t\t\t\t\t\t\t<\/div>\n\t\t\t\t\t<\/div>\n\t\t<\/section>\n\t\t<div class=\"elementor-element elementor-element-e3a9654 e-con-boxed e-con\" data-id=\"e3a9654\" data-element_type=\"container\" data-settings=\"{&quot;content_width&quot;:&quot;boxed&quot;}\">\n\t\t\t\t\t<div class=\"e-con-inner\">\n\t\t<div class=\"elementor-element elementor-element-6b104a8 e-con-full e-con\" data-id=\"6b104a8\" data-element_type=\"container\" data-settings=\"{&quot;content_width&quot;:&quot;full&quot;}\">\n\t\t\t\t<\/div>\n\t\t\t\t\t<\/div>\n\t\t\t\t<\/div>\n\t\t\t\t\t\t\t\t\t<\/div>\n\t\t\t<\/div>\n\t\t\t\t\t<\/div>\n\t\t","protected":false},"excerpt":{"rendered":"<p>PALMARES DO SUL A ocupa\u00e7\u00e3o do territ\u00f3rio atual de Palmares do Sul \u00e9 muito antiga. As primeiras fam\u00edlias ocuparam essa regi\u00e3o depois de abril de 1763, quando fugiram de Rio Grande face a invas\u00e3o espanhola que tomou a cidade e tamb\u00e9m S\u00e3o Jos\u00e9 do Norte. A presen\u00e7a dessas fam\u00edlias foi consolidada em 1773, quando os [&hellip;]<\/p>\n","protected":false},"author":1,"featured_media":0,"parent":0,"menu_order":0,"comment_status":"closed","ping_status":"closed","template":"","meta":{"footnotes":""},"class_list":["post-800","page","type-page","status-publish","hentry"],"_links":{"self":[{"href":"https:\/\/palmaresdosul.rs.gov.br\/novosite\/wp-json\/wp\/v2\/pages\/800","targetHints":{"allow":["GET"]}}],"collection":[{"href":"https:\/\/palmaresdosul.rs.gov.br\/novosite\/wp-json\/wp\/v2\/pages"}],"about":[{"href":"https:\/\/palmaresdosul.rs.gov.br\/novosite\/wp-json\/wp\/v2\/types\/page"}],"author":[{"embeddable":true,"href":"https:\/\/palmaresdosul.rs.gov.br\/novosite\/wp-json\/wp\/v2\/users\/1"}],"replies":[{"embeddable":true,"href":"https:\/\/palmaresdosul.rs.gov.br\/novosite\/wp-json\/wp\/v2\/comments?post=800"}],"version-history":[{"count":9,"href":"https:\/\/palmaresdosul.rs.gov.br\/novosite\/wp-json\/wp\/v2\/pages\/800\/revisions"}],"predecessor-version":[{"id":10293,"href":"https:\/\/palmaresdosul.rs.gov.br\/novosite\/wp-json\/wp\/v2\/pages\/800\/revisions\/10293"}],"wp:attachment":[{"href":"https:\/\/palmaresdosul.rs.gov.br\/novosite\/wp-json\/wp\/v2\/media?parent=800"}],"curies":[{"name":"wp","href":"https:\/\/api.w.org\/{rel}","templated":true}]}}