{"id":5407,"date":"2020-01-09T16:09:06","date_gmt":"2020-01-09T19:09:06","guid":{"rendered":"http:\/\/www.palmaresdosul.rs.gov.br\/novosite\/?page_id=2209"},"modified":"2024-12-27T15:49:03","modified_gmt":"2024-12-27T18:49:03","slug":"termo-de-fomento","status":"publish","type":"page","link":"https:\/\/palmaresdosul.rs.gov.br\/novosite\/termo-de-fomento\/","title":{"rendered":"Chamamento P\u00fablico"},"content":{"rendered":"\t\t<div data-elementor-type=\"wp-page\" data-elementor-id=\"5407\" class=\"elementor elementor-5407\">\n\t\t\t\t\t\t<div class=\"elementor-inner\">\n\t\t\t\t<div class=\"elementor-section-wrap\">\n\t\t\t\t\t\t\t\t\t<section class=\"elementor-section elementor-top-section elementor-element elementor-element-1fa530f9 elementor-section-boxed elementor-section-height-default elementor-section-height-default\" data-id=\"1fa530f9\" data-element_type=\"section\">\n\t\t\t\t\t\t<div class=\"elementor-container elementor-column-gap-default\">\n\t\t\t\t\t\t\t<div class=\"elementor-row\">\n\t\t\t\t\t<div class=\"elementor-column elementor-col-100 elementor-top-column elementor-element elementor-element-2d3ec6fb\" data-id=\"2d3ec6fb\" data-element_type=\"column\">\n\t\t\t<div class=\"elementor-column-wrap elementor-element-populated\">\n\t\t\t\t\t\t\t<div class=\"elementor-widget-wrap\">\n\t\t\t\t\t\t<div class=\"elementor-element elementor-element-7bfa1b6a elementor-widget elementor-widget-text-editor\" data-id=\"7bfa1b6a\" data-element_type=\"widget\" data-widget_type=\"text-editor.default\">\n\t\t\t\t<div class=\"elementor-widget-container\">\n\t\t\t<style>\/*! elementor - v3.9.2 - 21-12-2022 *\/\n.elementor-widget-text-editor.elementor-drop-cap-view-stacked .elementor-drop-cap{background-color:#818a91;color:#fff}.elementor-widget-text-editor.elementor-drop-cap-view-framed .elementor-drop-cap{color:#818a91;border:3px solid;background-color:transparent}.elementor-widget-text-editor:not(.elementor-drop-cap-view-default) .elementor-drop-cap{margin-top:8px}.elementor-widget-text-editor:not(.elementor-drop-cap-view-default) .elementor-drop-cap-letter{width:1em;height:1em}.elementor-widget-text-editor .elementor-drop-cap{float:left;text-align:center;line-height:1;font-size:50px}.elementor-widget-text-editor .elementor-drop-cap-letter{display:inline-block}<\/style>\t\t\t\t\t<div class=\"elementor-text-editor elementor-clearfix\">\n\t\t\t\t<blockquote>\n<p>Estabelece o regime jur\u00eddico das parcerias volunt\u00e1rias, envolvendo ou n\u00e3o transfer\u00eancias de recursos financeiros, entre a administra\u00e7\u00e3o p\u00fablica e as organiza\u00e7\u00f5es da sociedade civil, em regime de m\u00fatua coopera\u00e7\u00e3o, para a consecu\u00e7\u00e3o de finalidades de interesse p\u00fablico; define diretrizes para a pol\u00edtica de fomento e de colabora\u00e7\u00e3o com organiza\u00e7\u00f5es da sociedade civil; institui o termo de colabora\u00e7\u00e3o e o termo de fomento; e altera as Leis nos 8.429, de 2 de junho de 1992, e 9.790, de 23 de mar\u00e7o de 1999.<\/p>\n<\/blockquote>\n<p><!--<\/p>\n<th>Cabe\u00e7alho 3<\/th>\n<p>--><\/p>\n<p><\/p><table><!--<\/p>\n<caption>tabela 1<\/caption>\n<p>-->\n<thead>\n<tr>\n<th>&nbsp;<\/th>\n<th>Arquivos dispon\u00edveis para download<\/th>\n<\/tr>\n<\/thead>\n<tbody>\n<tr>\n<td>09\/11\/2022<\/td>\n<td>INEXIGIBILIDADE DE CHAMAMENTO P\u00daBLICO N\u00ba 130\/2022<\/td>\n<td><a href=\"https:\/\/palmaresdosul.rs.gov.br\/novosite\/wp-content\/uploads\/2022\/11\/Inexigibildiade-Chamamento-Publico-no-130-2022-Associacao-Corpo-de-Bombeiros-Voluntarios-2.pdf\"><img decoding=\"async\" src=\"https:\/\/palmaresdosul.rs.gov.br\/novosite\/wp-content\/uploads\/2022\/11\/ico_pdf-2.png\"><\/a><\/td>\n<\/tr>\n<tr>\n<td>06\/04\/2023<\/td>\n<td>EXTRATO DE INEXIGIBILIDADE DE CHAMAMENTO P\u00daBLICO PARA CELEBRA\u00c7\u00c3O DE TERMO DE FOMENTO<\/td>\n<td><a href=\"https:\/\/palmaresdosul.rs.gov.br\/novosite\/wp-content\/uploads\/2023\/04\/Extrato-inexigibildiade-de-licitacao.pdf\"><img decoding=\"async\" src=\"https:\/\/palmaresdosul.rs.gov.br\/novosite\/wp-content\/uploads\/2022\/11\/ico_pdf-2.png\"><\/a><\/td>\n<\/tr>\n<tr>\n<td>19\/04\/2023<\/td>\n<td>TERMO DE FOMENTO 01\/2023<\/td>\n<td><a href=\"https:\/\/palmaresdosul.rs.gov.br\/novosite\/wp-content\/uploads\/2023\/04\/No-01-2023-CONSEPRO.pdf\"><img decoding=\"async\" src=\"https:\/\/palmaresdosul.rs.gov.br\/novosite\/wp-content\/uploads\/2022\/11\/ico_pdf-2.png\"><\/a><\/td>\n<\/tr>\n<tr>\n<td>19\/04\/2023<\/td>\n<td>TERMO DE FOMENTO 01\/2023 &#8211; ANEXO I &#8211; PLANO DE TRABALHO CONSEPRO<\/td>\n<td><a href=\"https:\/\/palmaresdosul.rs.gov.br\/novosite\/wp-content\/uploads\/2023\/04\/Consepro-Plano-de-Trabalho.pdf\"><img decoding=\"async\" src=\"https:\/\/palmaresdosul.rs.gov.br\/novosite\/wp-content\/uploads\/2022\/11\/ico_pdf-2.png\"><\/a><\/td>\n<\/tr>\n<tr>\n<td>12\/12\/2024<\/td>\n<td>FORMALIZA\u00c7\u00c3O DE PARCERIA COM BOMBEIROS VOLUNT\u00c1RIOS BAL. PINHAL<\/td>\n<td><a href=\"https:\/\/palmaresdosul.rs.gov.br\/novosite\/wp-content\/uploads\/2024\/12\/Extrato-Dispensa-de-chamamento-publico-1.pdf\"><img decoding=\"async\" src=\"https:\/\/palmaresdosul.rs.gov.br\/novosite\/wp-content\/uploads\/2022\/11\/ico_pdf-2.png\"><\/a><\/td>\n<\/tr>\n<tr>\n<td>19\/12\/2024<\/td>\n<td>FORMALIZA\u00c7\u00c3O DE PARCERIA CONSEPRO<\/td>\n<td><a href=\"https:\/\/palmaresdosul.rs.gov.br\/novosite\/wp-content\/uploads\/2024\/12\/Extrato-Dispensa-de-chamamento-publico-2.pdf\"><img decoding=\"async\" src=\"https:\/\/palmaresdosul.rs.gov.br\/novosite\/wp-content\/uploads\/2022\/11\/ico_pdf-2.png\"><\/a><\/td>\n<\/tr>\n<tr>\n<td>20\/12\/2024<\/td>\n<td>EXTRATO DE INEXIGILIBILIDADE DE CHAMAMENTO P\u00daBLICO PARA CELEBRA\u00c7\u00c3O DE T. F. CONSEPRO<\/td>\n<td><a href=\"https:\/\/palmaresdosul.rs.gov.br\/novosite\/wp-content\/uploads\/2024\/12\/Extrato-inexigibildiade-de-licitacao-50.00000.pdf\"><img decoding=\"async\" src=\"https:\/\/palmaresdosul.rs.gov.br\/novosite\/wp-content\/uploads\/2022\/11\/ico_pdf-2.png\"><\/a><br><\/td>\n<\/tr>\n\n<tr>\n<td>19\/12\/2024<\/td>\n<td>TERMO DE FOMENTO N\u00ba 001-2024<\/td>\n<td><a href=\"https:\/\/palmaresdosul.rs.gov.br\/novosite\/wp-content\/uploads\/2024\/12\/Termo-de-Fomento-no-001-2024-Consolidado.pdf\"><img decoding=\"async\" src=\"https:\/\/palmaresdosul.rs.gov.br\/novosite\/wp-content\/uploads\/2022\/11\/ico_pdf-2.png\"><\/a><br><\/td>\n<\/tr>\n\n<tr>\n<td>26\/12\/2024<\/td>\n<td>TERMO DE FOMENTO N\u00ba 002-2024<\/td>\n<td><a href=\"https:\/\/palmaresdosul.rs.gov.br\/novosite\/wp-content\/uploads\/2024\/12\/Portaria-22.764-2024-Gestor-Parceria-combinado.pdf\"><img decoding=\"async\" src=\"https:\/\/palmaresdosul.rs.gov.br\/novosite\/wp-content\/uploads\/2022\/11\/ico_pdf-2.png\"><\/a><br><\/td>\n<\/tr>\n\n<tr>\n<td>26\/12\/2024<\/td>\n<td>TERMO DE FOMENTO N\u00ba 003-2024<\/td>\n<td><a href=\"https:\/\/palmaresdosul.rs.gov.br\/novosite\/wp-content\/uploads\/2024\/12\/Termo-de-Fomento-no-003-2024-Consolidado.pdf\"><img decoding=\"async\" src=\"https:\/\/palmaresdosul.rs.gov.br\/novosite\/wp-content\/uploads\/2022\/11\/ico_pdf-2.png\"><\/a><br><\/td>\n<\/tr>\n\n<tr>\n<td>26\/12\/2024<\/td>\n<td>TERMO DE FOMENTO N\u00ba 004-2024<\/td>\n<td><a href=\"https:\/\/palmaresdosul.rs.gov.br\/novosite\/wp-content\/uploads\/2024\/12\/Termo-de-Fomento-no-004-2024-Consolidado.pdf\"><img decoding=\"async\" src=\"https:\/\/palmaresdosul.rs.gov.br\/novosite\/wp-content\/uploads\/2022\/11\/ico_pdf-2.png\"><\/a><br><\/td>\n<\/tr>\n\n<tr>\n<td>26\/12\/2024<\/td>\n<td>TERMO DE FOMENTO N\u00ba 005-2024<\/td>\n<td><a href=\"https:\/\/palmaresdosul.rs.gov.br\/novosite\/wp-content\/uploads\/2024\/12\/Termo-de-Fomento-005-2024-consolidado.pdf\"><img decoding=\"async\" src=\"https:\/\/palmaresdosul.rs.gov.br\/novosite\/wp-content\/uploads\/2022\/11\/ico_pdf-2.png\"><\/a><br><\/td>\n<\/tr>\n<\/tbody>\n<\/table>\t\t\t\t\t<\/div>\n\t\t\t\t\t\t<\/div>\n\t\t\t\t<\/div>\n\t\t\t\t\t\t<\/div>\n\t\t\t\t\t<\/div>\n\t\t<\/div>\n\t\t\t\t\t\t\t\t<\/div>\n\t\t\t\t\t<\/div>\n\t\t<\/section>\n\t\t\t\t\t\t\t\t\t<\/div>\n\t\t\t<\/div>\n\t\t\t\t\t<\/div>\n\t\t","protected":false},"excerpt":{"rendered":"<p>Estabelece o regime jur\u00eddico das parcerias volunt\u00e1rias, envolvendo ou n\u00e3o transfer\u00eancias de recursos financeiros, entre a administra\u00e7\u00e3o p\u00fablica e as organiza\u00e7\u00f5es da sociedade civil, em regime de m\u00fatua coopera\u00e7\u00e3o, para a consecu\u00e7\u00e3o de finalidades de interesse p\u00fablico; define diretrizes para a pol\u00edtica de fomento e de colabora\u00e7\u00e3o com organiza\u00e7\u00f5es da sociedade civil; institui o termo [&hellip;]<\/p>\n","protected":false},"author":1,"featured_media":0,"parent":0,"menu_order":0,"comment_status":"closed","ping_status":"closed","template":"","meta":{"footnotes":""},"class_list":["post-5407","page","type-page","status-publish","hentry"],"_links":{"self":[{"href":"https:\/\/palmaresdosul.rs.gov.br\/novosite\/wp-json\/wp\/v2\/pages\/5407","targetHints":{"allow":["GET"]}}],"collection":[{"href":"https:\/\/palmaresdosul.rs.gov.br\/novosite\/wp-json\/wp\/v2\/pages"}],"about":[{"href":"https:\/\/palmaresdosul.rs.gov.br\/novosite\/wp-json\/wp\/v2\/types\/page"}],"author":[{"embeddable":true,"href":"https:\/\/palmaresdosul.rs.gov.br\/novosite\/wp-json\/wp\/v2\/users\/1"}],"replies":[{"embeddable":true,"href":"https:\/\/palmaresdosul.rs.gov.br\/novosite\/wp-json\/wp\/v2\/comments?post=5407"}],"version-history":[{"count":31,"href":"https:\/\/palmaresdosul.rs.gov.br\/novosite\/wp-json\/wp\/v2\/pages\/5407\/revisions"}],"predecessor-version":[{"id":14762,"href":"https:\/\/palmaresdosul.rs.gov.br\/novosite\/wp-json\/wp\/v2\/pages\/5407\/revisions\/14762"}],"wp:attachment":[{"href":"https:\/\/palmaresdosul.rs.gov.br\/novosite\/wp-json\/wp\/v2\/media?parent=5407"}],"curies":[{"name":"wp","href":"https:\/\/api.w.org\/{rel}","templated":true}]}}