{"id":4221,"date":"2022-07-04T09:43:04","date_gmt":"2022-07-04T12:43:04","guid":{"rendered":"http:\/\/www.palmaresdosul.rs.gov.br\/novosite\/?page_id=4221"},"modified":"2022-07-04T09:43:04","modified_gmt":"2022-07-04T12:43:04","slug":"concurso-de-escolha-das-soberanas-da-arrozarte-2023","status":"publish","type":"page","link":"https:\/\/palmaresdosul.rs.gov.br\/novosite\/concurso-de-escolha-das-soberanas-da-arrozarte-2023\/","title":{"rendered":"Concurso de escolha das Soberanas da Arrozarte\/2023"},"content":{"rendered":"<div id=\"wppb-builder-container\" class=\"wppb-builder-container\">                <div  class=\"wppb-row-parent \"  >\n\t\t\t\t\t\n\t\t\t\t\t\t\t\t\t\t\n\t\t\t\t\t\t\t\t\t\t\n\t\t\t\t\t<div class=\"wppb-container  wppb-row-1660574373276  wppb-container-row-default\">\n\t\t\t\t\t\t\t\t\t\t\t\t\t\n                        <div class=\"wppb-row\">\n\t\t\t\t\t\t\t                                    <div  class=\"wppb-column-parent wppb-column-parent-view wppb-col-1660574373277  \"  >\n                                        <div class=\"wppb-column\">\n\t\t\t\t\t\n\t\t\t\t\t\t\t\t\t\t\t\n                                            <div class=\"wppb-builder-addons\">\n\t\t\t\t\t\t\t\t\t\t\t\t<div class='wppb-builder-addon wppb-addon-1660574373278'  data-addon-id='1660574373278'><div class='wppb-addon'><div class=\"wppb-image-addon\"><figure class=\"wppb-image-addon-content-wrap\"><div class=\"wppb-image-addon-content wppb-imginlineblock\"><a rel=nofolow href=\"#\" target=_blank><img decoding=\"async\" class=\"wppb-image-addon-img\" src=\"http:\/\/www.palmaresdosul.rs.gov.br\/novosite\/wp-content\/uploads\/2022\/08\/924a3804-6311-4836-816c-84947e18b118.jpg\" alt=\"Image\"><\/a><\/div><\/figure><\/div><\/div><\/div>                                            <\/div>\n                                        <\/div>\n                                    <\/div>\n\t\t\t\t\t\t\t\t\t                                    <div  class=\"wppb-column-parent wppb-column-parent-view wppb-col-1660574373279  \"  >\n                                        <div class=\"wppb-column\">\n\t\t\t\t\t\n\t\t\t\t\t\t\t\t\t\t\t\n                                            <div class=\"wppb-builder-addons\">\n\t\t\t\t\t\t\t\t\t\t\t\t<div class='wppb-builder-addon wppb-addon-1660574373280'  data-addon-id='1660574373280'><div class='wppb-addon'><div class=\"wppb-headline-addon\"><div class=\"wppb-headline-content\"><h2 class=\"wppb-addon-title\">Corte da III Arrozarte eleita!<\/h2><\/div><\/div><\/div><\/div><div class='wppb-builder-addon wppb-addon-1660574373281'  data-addon-id='1660574373281'><div class='wppb-addon'><div class=\"wppb-headline-addon\"><div class=\"wppb-headline-content\"><h3 class=\"wppb-addon-title\">Em um belo evento realizado na noite de sexta-feira, 12 de agosto, foi escolhida a Corte da III Arrozarte de Palmares do Sul, que acontecer\u00e1 em maio de 2023.<\/h3><\/div><\/div><\/div><\/div><div class='wppb-builder-addon wppb-addon-1660574373282'  data-addon-id='1660574373282'><div class='wppb-addon'><div class=\"wppb-feature-box-addon\"><div class=\"wppb-feature-box-content\"><div class=\"feature-box-left\"><div class=\"feature-box-left-media\"><div class=\"wppb-feature-box-icon\"><i class=\"fas fa-chess-king\"><\/i><\/div><\/div><div class=\"feature-box-left-body\"><h3 class=\"wppb-feature-box-title\">A escolha<\/h3><div class=\"wppb-feature-box-intro\">A escolha ocorreu ap\u00f3s as candidatas passarem por uma prova oral sobre conhecimentos gerais do Munic\u00edpio, desfile individual, desfile tem\u00e1tico e desfile de gala.<\/div><\/div><\/div><\/div><\/div><\/div><\/div><div class='wppb-builder-addon wppb-addon-1660574373283'  data-addon-id='1660574373283'><div class='wppb-addon'><div class=\"wppb-feature-box-addon\"><div class=\"wppb-feature-box-content\"><div class=\"feature-box-left\"><div class=\"feature-box-left-media\"><div class=\"wppb-feature-box-icon\"><i class=\"fas fa-user-friends\"><\/i><\/div><\/div><div class=\"feature-box-left-body\"><h3 class=\"wppb-feature-box-title\">Os Jurados<\/h3><div class=\"wppb-feature-box-intro\">O corpo de jurados foi formado por Eliza Machado (gerente do SESC Tramanda\u00ed), Rose Scherer (secret\u00e1ria executiva da Amlinorte), Marcia Tedesco (prefeita de Balne\u00e1rio Pinhal), Cristiano Alves (agente de Cultura e Lazer do SESC Tramanda\u00ed) e Milene Reinheimer (rainha do 5\u00ba Festimel Balne\u00e1rio Pinhal).<\/div><\/div><\/div><\/div><\/div><\/div><\/div><div class='wppb-builder-addon wppb-addon-1660574373284'  data-addon-id='1660574373284'><div class='wppb-addon'><div class=\"wppb-feature-box-addon\"><div class=\"wppb-feature-box-content\"><div class=\"feature-box-left\"><div class=\"feature-box-left-media\"><div class=\"wppb-feature-box-icon\"><i class=\"fas fa-users\"><\/i><\/div><\/div><div class=\"feature-box-left-body\"><h3 class=\"wppb-feature-box-title\">As Candidatas<\/h3><div class=\"wppb-feature-box-intro\">Das quatro candidatas participantes, a rainha escolhida foi Maria Antonia da Silveira, 18 anos, moradora de Quint\u00e3o. A 1\u00aa princesa foi Wendi de Oliveira Carvalho e a 2\u00aa Princesa Isadora Rosa; ambas da Sede. A quarta participante, Vit\u00f3ria Saraiva, moradora de Granja Vargas, ganhou um ensaio fotogr\u00e1fico.<\/div><\/div><\/div><\/div><\/div><\/div><\/div>                                            <\/div>\n                                        <\/div>\n                                    <\/div>\n\t\t\t\t\t\t\t\t\t                        <\/div>\n\n                    <\/div>\n                <\/div>\n\t\t\t\t                <div  class=\"wppb-row-parent \"  >\n\t\t\t\t\t\n\t\t\t\t\t\t\t\t\t\t\n\t\t\t\t\t\t\t\t\t\t\n\t\t\t\t\t<div class=\"wppb-container  wppb-row-1660574373033  wppb-container-row-default\">\n\t\t\t\t\t\t\t\t\t\t\t\t\t\n                        <div class=\"wppb-row\">\n\t\t\t\t\t\t\t                                    <div  class=\"wppb-column-parent wppb-column-parent-view wppb-col-1660574373034  \"  >\n                                        <div class=\"wppb-column\">\n\t\t\t\t\t\n\t\t\t\t\t\t\t\t\t\t\t\n                                            <div class=\"wppb-builder-addons\">\n\t\t\t\t\t\t\t\t\t\t\t\t<div class='wppb-builder-addon wppb-addon-1660574373035'  data-addon-id='1660574373035'><div class='wppb-addon'><div class=\"wppb-headline-addon\"><div class=\"wppb-headline-content\"><h2 class=\"wppb-addon-title\">A Corte da III Arrozarte de Palmares do Sul<\/h2><\/div><\/div><\/div><\/div><div class='wppb-builder-addon wppb-addon-1660574373036'  data-addon-id='1660574373036'><div class='wppb-addon'><div class=\"wppb-person-addon\"><div class=\"wppb-person-carousel-addon-content person-layout-layouttwo\"><div class=\"wppb-person-content-carousel wppb-person-3 nav_style2\" data-col=\"3\" data-shownav=\"true\" data-showdots=\"false\" data-autoplay=\"false\" data-speed=\"500\"><div class=\"wppb-person-addon-content\"><div class=\"wppb-person-image\"><img decoding=\"async\" class=\"wppb-person-addon-img\" src=\"http:\/\/www.palmaresdosul.rs.gov.br\/novosite\/wp-content\/uploads\/2022\/08\/rainha.jpg\" alt=\"Maria Ant\u00f4nia da Silveira\"><\/div><div class=\"wppb-person-information-wrap\"><div class=\"wppb-person-information\"><span class=\"wppb-person-name\">Maria Ant\u00f4nia da Silveira<\/span><span class=\"wppb-person-designation\">Rainha<\/span><\/div><ul class=\"wppb-person-social\"><li><a href=\"#\" target=\"_blank\"><i class=\"fab fa-facebook\"><\/i><\/a><\/li><li><a href=\"#\" target=\"_blank\"><i class=\"fab fa-twitter\"><\/i><\/a><\/li><li><a href=\"#\" target=\"_blank\"><i class=\"fab fa-flickr\"><\/i><\/a><\/li><li><a href=\"#\" target=\"_blank\"><i class=\"fab fa-vimeo\"><\/i><\/a><\/li><\/ul><\/div><\/div><div class=\"wppb-person-addon-content\"><div class=\"wppb-person-image\"><img decoding=\"async\" class=\"wppb-person-addon-img\" src=\"http:\/\/www.palmaresdosul.rs.gov.br\/novosite\/wp-content\/uploads\/2022\/08\/1princesa.jpg\" alt=\"Wendi de Oliveira Carvalho\"><\/div><div class=\"wppb-person-information-wrap\"><div class=\"wppb-person-information\"><span class=\"wppb-person-name\">Wendi de Oliveira Carvalho<\/span><span class=\"wppb-person-designation\">1\u00ba Princesa<\/span><\/div><ul class=\"wppb-person-social\"><li><a href=\"#\" target=\"_blank\"><i class=\"fab fa-facebook\"><\/i><\/a><\/li><li><a href=\"#\" target=\"_blank\"><i class=\"fab fa-twitter\"><\/i><\/a><\/li><li><a href=\"#\" target=\"_blank\"><i class=\"fab fa-flickr\"><\/i><\/a><\/li><li><a href=\"#\" target=\"_blank\"><i class=\"fab fa-vimeo\"><\/i><\/a><\/li><\/ul><\/div><\/div><div class=\"wppb-person-addon-content\"><div class=\"wppb-person-image\"><img decoding=\"async\" class=\"wppb-person-addon-img\" src=\"http:\/\/www.palmaresdosul.rs.gov.br\/novosite\/wp-content\/uploads\/2022\/08\/2princesa.jpg\" alt=\"Isadora Rosa\"><\/div><div class=\"wppb-person-information-wrap\"><div class=\"wppb-person-information\"><span class=\"wppb-person-name\">Isadora Rosa<\/span><span class=\"wppb-person-designation\">2\u00ba Princesa<\/span><\/div><ul class=\"wppb-person-social\"><li><a href=\"#\" target=\"_blank\"><i class=\"fab fa-facebook\"><\/i><\/a><\/li><li><a href=\"#\" target=\"_blank\"><i class=\"fab fa-twitter\"><\/i><\/a><\/li><li><a href=\"#\" target=\"_blank\"><i class=\"fab fa-flickr\"><\/i><\/a><\/li><li><a href=\"#\" target=\"_blank\"><i class=\"fab fa-vimeo\"><\/i><\/a><\/li><\/ul><\/div><\/div><\/div><\/div><\/div><\/div><\/div>                                            <\/div>\n                                        <\/div>\n                                    <\/div>\n\t\t\t\t\t\t\t\t\t                        <\/div>\n\n                    <\/div>\n                <\/div>\n\t\t\t\t                <div  class=\"wppb-row-parent  wppb-row-1686680251234 \"  >\n\t\t\t\t\t\n\t\t\t\t\t\t\t\t\t\t\n\t\t\t\t\t\t\t\t\t\t\n\t\t\t\t\t<div class=\"wppb-container \">\n\t\t\t\t\t\t\t\t\t\t\t\t\t\n                        <div class=\"wppb-row\">\n\t\t\t\t\t\t\t                                    <div  class=\"wppb-column-parent wppb-column-parent-view wppb-col-1686680251233  \"  >\n                                        <div class=\"wppb-column\">\n\t\t\t\t\t\n\t\t\t\t\t\t\t\t\t\t\t\n                                            <div class=\"wppb-builder-addons\">\n\t\t\t\t\t\t\t\t\t\t\t\t<div class='wppb-builder-addon wppb-addon-1686680286157'  data-addon-id='1686680286157'><div class='wppb-addon'><div class=\"wppb-headline-addon\"><div class=\"wppb-headline-content\"><h2 class=\"wppb-addon-title\">Veja como foi ...<\/h2><\/div><\/div><\/div><\/div>                                            <\/div>\n                                        <\/div>\n                                    <\/div>\n\t\t\t\t\t\t\t\t\t                        <\/div>\n\n                    <\/div>\n                <\/div>\n\t\t\t\t                <div  class=\"wppb-row-parent  wppb-row-1686680251314 \"  >\n\t\t\t\t\t\n\t\t\t\t\t\t\t\t\t\t\n\t\t\t\t\t\t\t\t\t\t\n\t\t\t\t\t<div class=\"wppb-container \">\n\t\t\t\t\t\t\t\t\t\t\t\t\t\n                        <div class=\"wppb-row\">\n\t\t\t\t\t\t\t                                    <div  class=\"wppb-column-parent wppb-column-parent-view wppb-col-1686680251313  \"  >\n                                        <div class=\"wppb-column\">\n\t\t\t\t\t\n\t\t\t\t\t\t\t\t\t\t\t\n                                            <div class=\"wppb-builder-addons\">\n\t\t\t\t\t\t\t\t\t\t\t\t<div class='wppb-builder-addon wppb-addon-1686680612853'  data-addon-id='1686680612853'><div class='wppb-addon'><div class=\"wppb-video-popup-addon\"><div class=\"wppb-video-popup-content\"><div class=\"wppb-video-popup-wrap \"><div class=\"wppb-video-popup-content\"><a href=\"https:\/\/www.youtube.com\/watch?v=KMfQZMxWPOQ&#038;t=93s\" class=\"wppb-video-popup wppb-video-popup-icon\"><i class=\"wppb-font-play-button-alt\"><\/i><\/a><\/div><\/div><\/div><\/div><\/div><\/div>                                            <\/div>\n                                        <\/div>\n                                    <\/div>\n\t\t\t\t\t\t\t\t\t                        <\/div>\n\n                    <\/div>\n                <\/div>\n\t\t\t\t<\/div>","protected":false},"excerpt":{"rendered":"<p>Corte da III Arrozarte eleita!Em um belo evento realizado na noite de sexta-feira, 12 de agosto, foi escolhida a Corte da III Arrozarte de Palmares do Sul, que acontecer\u00e1 em maio de 2023.A escolhaA escolha ocorreu ap\u00f3s as candidatas passarem por uma prova oral sobre conhecimentos gerais do Munic\u00edpio, desfile individual, desfile tem\u00e1tico e desfile [&hellip;]<\/p>\n","protected":false},"author":1,"featured_media":0,"parent":0,"menu_order":0,"comment_status":"closed","ping_status":"closed","template":"","meta":{"footnotes":""},"class_list":["post-4221","page","type-page","status-publish","hentry"],"_links":{"self":[{"href":"https:\/\/palmaresdosul.rs.gov.br\/novosite\/wp-json\/wp\/v2\/pages\/4221","targetHints":{"allow":["GET"]}}],"collection":[{"href":"https:\/\/palmaresdosul.rs.gov.br\/novosite\/wp-json\/wp\/v2\/pages"}],"about":[{"href":"https:\/\/palmaresdosul.rs.gov.br\/novosite\/wp-json\/wp\/v2\/types\/page"}],"author":[{"embeddable":true,"href":"https:\/\/palmaresdosul.rs.gov.br\/novosite\/wp-json\/wp\/v2\/users\/1"}],"replies":[{"embeddable":true,"href":"https:\/\/palmaresdosul.rs.gov.br\/novosite\/wp-json\/wp\/v2\/comments?post=4221"}],"version-history":[{"count":1,"href":"https:\/\/palmaresdosul.rs.gov.br\/novosite\/wp-json\/wp\/v2\/pages\/4221\/revisions"}],"predecessor-version":[{"id":4827,"href":"https:\/\/palmaresdosul.rs.gov.br\/novosite\/wp-json\/wp\/v2\/pages\/4221\/revisions\/4827"}],"wp:attachment":[{"href":"https:\/\/palmaresdosul.rs.gov.br\/novosite\/wp-json\/wp\/v2\/media?parent=4221"}],"curies":[{"name":"wp","href":"https:\/\/api.w.org\/{rel}","templated":true}]}}