{"id":19264,"date":"2026-04-09T14:28:24","date_gmt":"2026-04-09T17:28:24","guid":{"rendered":"https:\/\/palmaresdosul.rs.gov.br\/novosite\/?page_id=19264"},"modified":"2026-04-09T14:44:03","modified_gmt":"2026-04-09T17:44:03","slug":"smed","status":"publish","type":"page","link":"https:\/\/palmaresdosul.rs.gov.br\/novosite\/smed\/","title":{"rendered":"Secretaria de Educa\u00e7\u00e3o"},"content":{"rendered":"\t\t<div data-elementor-type=\"wp-page\" data-elementor-id=\"19264\" class=\"elementor elementor-19264\">\n\t\t\t\t\t\t<div class=\"elementor-inner\">\n\t\t\t\t<div class=\"elementor-section-wrap\">\n\t\t\t\t\t\t\t<div class=\"elementor-element elementor-element-067b063 e-con-boxed e-con\" data-id=\"067b063\" data-element_type=\"container\" data-settings=\"{&quot;content_width&quot;:&quot;boxed&quot;}\">\n\t\t\t\t\t<div class=\"e-con-inner\">\n\t\t<div class=\"elementor-element elementor-element-5dcf058 e-con-full e-con\" data-id=\"5dcf058\" data-element_type=\"container\" data-settings=\"{&quot;content_width&quot;:&quot;full&quot;}\">\n\t\t\t\t<div class=\"elementor-element elementor-element-3f9907b elementor-widget elementor-widget-text-editor\" data-id=\"3f9907b\" data-element_type=\"widget\" data-widget_type=\"text-editor.default\">\n\t\t\t\t<div class=\"elementor-widget-container\">\n\t\t\t<style>\/*! elementor - v3.9.2 - 21-12-2022 *\/\n.elementor-widget-text-editor.elementor-drop-cap-view-stacked .elementor-drop-cap{background-color:#818a91;color:#fff}.elementor-widget-text-editor.elementor-drop-cap-view-framed .elementor-drop-cap{color:#818a91;border:3px solid;background-color:transparent}.elementor-widget-text-editor:not(.elementor-drop-cap-view-default) .elementor-drop-cap{margin-top:8px}.elementor-widget-text-editor:not(.elementor-drop-cap-view-default) .elementor-drop-cap-letter{width:1em;height:1em}.elementor-widget-text-editor .elementor-drop-cap{float:left;text-align:center;line-height:1;font-size:50px}.elementor-widget-text-editor .elementor-drop-cap-letter{display:inline-block}<\/style>\t\t\t\t\t<div class=\"elementor-text-editor elementor-clearfix\">\n\t\t\t\t<p data-path-to-node=\"3\">Bem-vindo ao portal da <b data-path-to-node=\"3\" data-index-in-node=\"23\">Secretaria Municipal de Educa\u00e7\u00e3o de Palmares do Sul<\/b>. Nossa miss\u00e3o \u00e9 garantir uma educa\u00e7\u00e3o p\u00fablica de qualidade, inclusiva e inovadora para todas as crian\u00e7as, jovens e adultos do nosso munic\u00edpio.<\/p>\n<p data-path-to-node=\"4\">Acreditamos que a escola \u00e9 o cora\u00e7\u00e3o da comunidade. Por isso, trabalhamos diariamente para oferecer um ambiente seguro, infraestrutura adequada e um curr\u00edculo que valorize tanto o conhecimento acad\u00eamico quanto a forma\u00e7\u00e3o cidad\u00e3 e as particularidades culturais da nossa regi\u00e3o.<\/p>\t\t\t\t\t<\/div>\n\t\t\t\t\t\t<\/div>\n\t\t\t\t<\/div>\n\t\t\t\t<\/div>\n\t\t<div class=\"elementor-element elementor-element-1a0ece8 e-con-full e-con\" data-id=\"1a0ece8\" data-element_type=\"container\" data-settings=\"{&quot;content_width&quot;:&quot;full&quot;}\">\n\t\t\t\t<div class=\"elementor-element elementor-element-cc40989 elementor-widget elementor-widget-text-editor\" data-id=\"cc40989\" data-element_type=\"widget\" data-widget_type=\"text-editor.default\">\n\t\t\t\t<div class=\"elementor-widget-container\">\n\t\t\t\t\t\t\t\t<div class=\"elementor-text-editor elementor-clearfix\">\n\t\t\t\t<h2 data-path-to-node=\"6\">Nossos Pilares<br \/><br \/><\/h2><h2 data-path-to-node=\"7\"><img decoding=\"async\" class=\"emoji\" role=\"img\" draggable=\"false\" src=\"https:\/\/s.w.org\/images\/core\/emoji\/17.0.2\/svg\/1f4da.svg\" alt=\"\ud83d\udcda\" \/> Qualidade no Ensino<\/h2><p data-path-to-node=\"8\">Investimos na atualiza\u00e7\u00e3o constante dos nossos m\u00e9todos pedag\u00f3gicos e na distribui\u00e7\u00e3o de materiais did\u00e1ticos que estimulem o pensamento cr\u00edtico e a criatividade dos alunos, desde a Educa\u00e7\u00e3o Infantil at\u00e9 o Ensino Fundamental.<\/p><h2 data-path-to-node=\"9\"><img decoding=\"async\" class=\"emoji\" role=\"img\" draggable=\"false\" src=\"https:\/\/s.w.org\/images\/core\/emoji\/17.0.2\/svg\/1f34e.svg\" alt=\"\ud83c\udf4e\" \/> Merenda Escolar e Nutri\u00e7\u00e3o<\/h2><p data-path-to-node=\"10\">Priorizamos uma alimenta\u00e7\u00e3o saud\u00e1vel e balanceada, com card\u00e1pios elaborados por nutricionistas e a valoriza\u00e7\u00e3o da agricultura familiar local, garantindo que nossos estudantes tenham a energia necess\u00e1ria para aprender.<\/p><h2 data-path-to-node=\"11\"><img decoding=\"async\" class=\"emoji\" role=\"img\" draggable=\"false\" src=\"https:\/\/s.w.org\/images\/core\/emoji\/17.0.2\/svg\/1f469-200d-1f3eb.svg\" alt=\"\ud83d\udc69\u200d\ud83c\udfeb\" \/> Valoriza\u00e7\u00e3o Profissional<\/h2><p data-path-to-node=\"12\">Acreditamos que o professor \u00e9 o agente principal da mudan\u00e7a. Por isso, promovemos programas de forma\u00e7\u00e3o continuada e suporte t\u00e9cnico para todos os nossos educadores e funcion\u00e1rios da rede municipal.<\/p><h2 data-path-to-node=\"13\"><img decoding=\"async\" class=\"emoji\" role=\"img\" draggable=\"false\" src=\"https:\/\/s.w.org\/images\/core\/emoji\/17.0.2\/svg\/267f.svg\" alt=\"\u267f\" \/> Inclus\u00e3o e Diversidade<\/h2><p data-path-to-node=\"14\">Trabalhamos para que as escolas de Palmares do Sul sejam espa\u00e7os de acolhimento. Nosso Atendimento Educacional Especializado (AEE) busca romper barreiras e garantir o direito de aprender de todos os alunos.<\/p>\t\t\t\t\t<\/div>\n\t\t\t\t\t\t<\/div>\n\t\t\t\t<\/div>\n\t\t\t\t<\/div>\n\t\t\t\t\t<\/div>\n\t\t\t\t<\/div>\n\t\t<div class=\"elementor-element elementor-element-75be466 e-con-boxed e-con\" data-id=\"75be466\" data-element_type=\"container\" data-settings=\"{&quot;content_width&quot;:&quot;boxed&quot;}\">\n\t\t\t\t\t<div class=\"e-con-inner\">\n\t\t\t\t<div class=\"elementor-element elementor-element-140e937 elementor-widget elementor-widget-wgl-tabs\" data-id=\"140e937\" data-element_type=\"widget\" data-widget_type=\"wgl-tabs.default\">\n\t\t\t\t<div class=\"elementor-widget-container\">\n\t\t\t        <div class=\"wgl-tabs icon_position-top tabs_align-left\">\r\n\r\n            <div class=\"wgl-tabs_headings\">                    <h4 data-tab-id=\"wgl-tab_2101\" class=\"wgl-tabs_header\">\r\n                        <span class=\"wgl-tabs_title\">EQUIPE<\/span>\r\n\r\n                        \r\n                    <\/h4>\r\n\r\n                                    <h4 data-tab-id=\"wgl-tab_2102\" class=\"wgl-tabs_header\">\r\n                        <span class=\"wgl-tabs_title\">LEGISLA\u00c7\u00c3O<\/span>\r\n\r\n                        \r\n                    <\/h4>\r\n\r\n                                    <h4 data-tab-id=\"wgl-tab_2103\" class=\"wgl-tabs_header\">\r\n                        <span class=\"wgl-tabs_title\">EDITAIS<\/span>\r\n\r\n                        \r\n                    <\/h4>\r\n\r\n                            <\/div>\r\n\r\n            <div class=\"wgl-tabs_content-wrap\">                    <div data-tab-id=\"wgl-tab_2101\" class=\"wgl-tabs_content\">\r\n                    <p>EQUIPE DA SECRET\u00c1RIA DE EDUCA\u00c7\u00c3O 2026<\/p><p>Secret\u00e1ria de educa\u00e7\u00e3o: Rosona Soares Nunes<\/p><p>Secret\u00e1ria adjunta de educa\u00e7\u00e3o: Magali Gil Sessim<\/p><p>Coordenador administrativa: Daiane da costa Vieira Soares\u00a0<\/p><p>Supervisor: Diovane Gomes da Concei\u00e7\u00e3o<\/p><p>Coordenadora Pedag\u00f3gica: G\u00e9ssica da Silva Rosa\u00a0<\/p><p>Diretora de departamento de educa\u00e7\u00e3o infantil: Priscilla Varella dos Santos da Silveira<\/p><p>Coordenador financeiro: Nathalie Rodrigues Martins<\/p><p>Administra\u00e7\u00e3o escolar: Andrieli Machado Rosa\u00a0<\/p><p>Assessor administrativo: Fabiane Santos Marques de Azevedo<\/p><p>Nutricionista: Jordana Pacheco Magnus<\/p><p>Nutricionista:Luciane Lombardi de Castro Nunes<\/p><p>Coordernado de transporte escolar: Sergio Jos\u00e9 Santos da Silva\u00a0<\/p><p>Oficial administrativo: Bruna Mesquita Machado<\/p><p>Chefe administrativo: Roberta Ribeiro Silva\u00a0<\/p>                    <\/div>\r\n\r\n                                    <div data-tab-id=\"wgl-tab_2102\" class=\"wgl-tabs_content\">\r\n                                        <\/div>\r\n\r\n                                    <div data-tab-id=\"wgl-tab_2103\" class=\"wgl-tabs_content\">\r\n                                        <\/div>\r\n\r\n                            <\/div>\r\n\r\n        <\/div>\r\n        \t\t<\/div>\n\t\t\t\t<\/div>\n\t\t\t\t\t<\/div>\n\t\t\t\t<\/div>\n\t\t<div class=\"elementor-element elementor-element-dcdae5d e-con-boxed e-con\" data-id=\"dcdae5d\" data-element_type=\"container\" data-settings=\"{&quot;content_width&quot;:&quot;boxed&quot;}\">\n\t\t\t\t\t<div class=\"e-con-inner\">\n\t\t\t\t<div class=\"elementor-element elementor-element-c084c80 elementor-widget elementor-widget-image\" data-id=\"c084c80\" data-element_type=\"widget\" data-widget_type=\"image.default\">\n\t\t\t\t<div class=\"elementor-widget-container\">\n\t\t\t<style>\/*! elementor - v3.9.2 - 21-12-2022 *\/\n.elementor-widget-image{text-align:center}.elementor-widget-image a{display:inline-block}.elementor-widget-image a img[src$=\".svg\"]{width:48px}.elementor-widget-image img{vertical-align:middle;display:inline-block}<\/style>\t\t\t\t\t<div class=\"elementor-image\">\n\t\t\t\t\t\t\t\t\t\t\t\t<img loading=\"lazy\" decoding=\"async\" width=\"170\" height=\"159\" src=\"https:\/\/palmaresdosul.rs.gov.br\/novosite\/wp-content\/uploads\/2026\/04\/logo-novo-sme-170x159.png\" class=\"attachment-thumbnail size-thumbnail wp-image-19269\" alt=\"\" srcset=\"https:\/\/palmaresdosul.rs.gov.br\/novosite\/wp-content\/uploads\/2026\/04\/logo-novo-sme-170x159.png 170w, https:\/\/palmaresdosul.rs.gov.br\/novosite\/wp-content\/uploads\/2026\/04\/logo-novo-sme-341x318.png 341w, https:\/\/palmaresdosul.rs.gov.br\/novosite\/wp-content\/uploads\/2026\/04\/logo-novo-sme-1536x1432.png 1536w, https:\/\/palmaresdosul.rs.gov.br\/novosite\/wp-content\/uploads\/2026\/04\/logo-novo-sme.png 1751w\" sizes=\"auto, (max-width: 170px) 100vw, 170px\" \/>\t\t\t\t\t\t\t\t\t\t\t\t\t\t<\/div>\n\t\t\t\t\t\t<\/div>\n\t\t\t\t<\/div>\n\t\t\t\t\t<\/div>\n\t\t\t\t<\/div>\n\t\t<div class=\"elementor-element elementor-element-f189d0d e-con-boxed e-con\" data-id=\"f189d0d\" data-element_type=\"container\" data-settings=\"{&quot;content_width&quot;:&quot;boxed&quot;}\">\n\t\t\t\t\t<div class=\"e-con-inner\">\n\t\t\t\t\t<\/div>\n\t\t\t\t<\/div>\n\t\t\t\t\t\t\t\t\t<\/div>\n\t\t\t<\/div>\n\t\t\t\t\t<\/div>\n\t\t","protected":false},"excerpt":{"rendered":"<p>Bem-vindo ao portal da Secretaria Municipal de Educa\u00e7\u00e3o de Palmares do Sul. Nossa miss\u00e3o \u00e9 garantir uma educa\u00e7\u00e3o p\u00fablica de qualidade, inclusiva e inovadora para todas as crian\u00e7as, jovens e adultos do nosso munic\u00edpio. Acreditamos que a escola \u00e9 o cora\u00e7\u00e3o da comunidade. Por isso, trabalhamos diariamente para oferecer um ambiente seguro, infraestrutura adequada e [&hellip;]<\/p>\n","protected":false},"author":1,"featured_media":0,"parent":0,"menu_order":0,"comment_status":"closed","ping_status":"closed","template":"","meta":{"footnotes":""},"class_list":["post-19264","page","type-page","status-publish","hentry"],"_links":{"self":[{"href":"https:\/\/palmaresdosul.rs.gov.br\/novosite\/wp-json\/wp\/v2\/pages\/19264","targetHints":{"allow":["GET"]}}],"collection":[{"href":"https:\/\/palmaresdosul.rs.gov.br\/novosite\/wp-json\/wp\/v2\/pages"}],"about":[{"href":"https:\/\/palmaresdosul.rs.gov.br\/novosite\/wp-json\/wp\/v2\/types\/page"}],"author":[{"embeddable":true,"href":"https:\/\/palmaresdosul.rs.gov.br\/novosite\/wp-json\/wp\/v2\/users\/1"}],"replies":[{"embeddable":true,"href":"https:\/\/palmaresdosul.rs.gov.br\/novosite\/wp-json\/wp\/v2\/comments?post=19264"}],"version-history":[{"count":10,"href":"https:\/\/palmaresdosul.rs.gov.br\/novosite\/wp-json\/wp\/v2\/pages\/19264\/revisions"}],"predecessor-version":[{"id":19276,"href":"https:\/\/palmaresdosul.rs.gov.br\/novosite\/wp-json\/wp\/v2\/pages\/19264\/revisions\/19276"}],"wp:attachment":[{"href":"https:\/\/palmaresdosul.rs.gov.br\/novosite\/wp-json\/wp\/v2\/media?parent=19264"}],"curies":[{"name":"wp","href":"https:\/\/api.w.org\/{rel}","templated":true}]}}