{"id":12772,"date":"2024-08-05T09:30:36","date_gmt":"2024-08-05T12:30:36","guid":{"rendered":"https:\/\/www.palmaresdosul.rs.gov.br\/novosite\/?page_id=12772"},"modified":"2024-08-23T16:08:00","modified_gmt":"2024-08-23T19:08:00","slug":"cms","status":"publish","type":"page","link":"https:\/\/palmaresdosul.rs.gov.br\/novosite\/cms\/","title":{"rendered":"Conselho Municipal de Sa\u00fade"},"content":{"rendered":"\t\t<div data-elementor-type=\"wp-page\" data-elementor-id=\"12772\" class=\"elementor elementor-12772\">\n\t\t\t\t\t\t<div class=\"elementor-inner\">\n\t\t\t\t<div class=\"elementor-section-wrap\">\n\t\t\t\t\t\t\t<div class=\"elementor-element elementor-element-067b063 e-con-boxed e-con\" data-id=\"067b063\" data-element_type=\"container\" data-settings=\"{&quot;content_width&quot;:&quot;boxed&quot;}\">\n\t\t\t\t\t<div class=\"e-con-inner\">\n\t\t<div class=\"elementor-element elementor-element-5dcf058 e-con-full e-con\" data-id=\"5dcf058\" data-element_type=\"container\" data-settings=\"{&quot;content_width&quot;:&quot;full&quot;}\">\n\t\t\t\t<div class=\"elementor-element elementor-element-3f9907b elementor-widget elementor-widget-text-editor\" data-id=\"3f9907b\" data-element_type=\"widget\" data-widget_type=\"text-editor.default\">\n\t\t\t\t<div class=\"elementor-widget-container\">\n\t\t\t<style>\/*! elementor - v3.9.2 - 21-12-2022 *\/\n.elementor-widget-text-editor.elementor-drop-cap-view-stacked .elementor-drop-cap{background-color:#818a91;color:#fff}.elementor-widget-text-editor.elementor-drop-cap-view-framed .elementor-drop-cap{color:#818a91;border:3px solid;background-color:transparent}.elementor-widget-text-editor:not(.elementor-drop-cap-view-default) .elementor-drop-cap{margin-top:8px}.elementor-widget-text-editor:not(.elementor-drop-cap-view-default) .elementor-drop-cap-letter{width:1em;height:1em}.elementor-widget-text-editor .elementor-drop-cap{float:left;text-align:center;line-height:1;font-size:50px}.elementor-widget-text-editor .elementor-drop-cap-letter{display:inline-block}<\/style>\t\t\t\t\t<div class=\"elementor-text-editor elementor-clearfix\">\n\t\t\t\t<p><span>O Conselho Municipal da Sa\u00fade (CMS) de Palmares do Sul \u00e9 um \u00f3rg\u00e3o deliberativo, normativo, formulador e controlador da pol\u00edtica de atendimento dos direitos, conforme os Servi\u00e7os de Sa\u00fade (Lei Federal 8080\/90) \u00a0e a Lei Municipal 0648\/97.<\/span><\/p>\t\t\t\t\t<\/div>\n\t\t\t\t\t\t<\/div>\n\t\t\t\t<\/div>\n\t\t\t\t<\/div>\n\t\t<div class=\"elementor-element elementor-element-1a0ece8 e-con-full e-con\" data-id=\"1a0ece8\" data-element_type=\"container\" data-settings=\"{&quot;content_width&quot;:&quot;full&quot;}\">\n\t\t\t\t<div class=\"elementor-element elementor-element-9c5f359 elementor-widget elementor-widget-image\" data-id=\"9c5f359\" data-element_type=\"widget\" data-widget_type=\"image.default\">\n\t\t\t\t<div class=\"elementor-widget-container\">\n\t\t\t<style>\/*! elementor - v3.9.2 - 21-12-2022 *\/\n.elementor-widget-image{text-align:center}.elementor-widget-image a{display:inline-block}.elementor-widget-image a img[src$=\".svg\"]{width:48px}.elementor-widget-image img{vertical-align:middle;display:inline-block}<\/style>\t\t\t\t\t<div class=\"elementor-image\">\n\t\t\t\t\t\t\t\t\t\t\t\t<img loading=\"lazy\" decoding=\"async\" width=\"241\" height=\"318\" src=\"https:\/\/palmaresdosul.rs.gov.br\/novosite\/wp-content\/uploads\/2024\/08\/cms-241x318.jpg\" class=\"attachment-medium size-medium wp-image-12773\" alt=\"\" srcset=\"https:\/\/palmaresdosul.rs.gov.br\/novosite\/wp-content\/uploads\/2024\/08\/cms-241x318.jpg 241w, https:\/\/palmaresdosul.rs.gov.br\/novosite\/wp-content\/uploads\/2024\/08\/cms-121x159.jpg 121w, https:\/\/palmaresdosul.rs.gov.br\/novosite\/wp-content\/uploads\/2024\/08\/cms.jpg 462w\" sizes=\"auto, (max-width: 241px) 100vw, 241px\" \/>\t\t\t\t\t\t\t\t\t\t\t\t\t\t<\/div>\n\t\t\t\t\t\t<\/div>\n\t\t\t\t<\/div>\n\t\t\t\t<\/div>\n\t\t\t\t\t<\/div>\n\t\t\t\t<\/div>\n\t\t<div class=\"elementor-element elementor-element-75be466 e-con-boxed e-con\" data-id=\"75be466\" data-element_type=\"container\" data-settings=\"{&quot;content_width&quot;:&quot;boxed&quot;}\">\n\t\t\t\t\t<div class=\"e-con-inner\">\n\t\t\t\t<div class=\"elementor-element elementor-element-140e937 elementor-widget elementor-widget-wgl-tabs\" data-id=\"140e937\" data-element_type=\"widget\" data-widget_type=\"wgl-tabs.default\">\n\t\t\t\t<div class=\"elementor-widget-container\">\n\t\t\t        <div class=\"wgl-tabs icon_position-top tabs_align-left\">\r\n\r\n            <div class=\"wgl-tabs_headings\">                    <h4 data-tab-id=\"wgl-tab_2101\" class=\"wgl-tabs_header\">\r\n                        <span class=\"wgl-tabs_title\">O CONSELHO<\/span>\r\n\r\n                        \r\n                    <\/h4>\r\n\r\n                                    <h4 data-tab-id=\"wgl-tab_2102\" class=\"wgl-tabs_header\">\r\n                        <span class=\"wgl-tabs_title\">LEGISLA\u00c7\u00c3O<\/span>\r\n\r\n                        \r\n                    <\/h4>\r\n\r\n                                    <h4 data-tab-id=\"wgl-tab_2103\" class=\"wgl-tabs_header\">\r\n                        <span class=\"wgl-tabs_title\">O CONSELHO SA\u00daDE<\/span>\r\n\r\n                        \r\n                    <\/h4>\r\n\r\n                                    <h4 data-tab-id=\"wgl-tab_2104\" class=\"wgl-tabs_header\">\r\n                        <span class=\"wgl-tabs_title\">EDITAIS<\/span>\r\n\r\n                        \r\n                    <\/h4>\r\n\r\n                            <\/div>\r\n\r\n            <div class=\"wgl-tabs_content-wrap\">                    <div data-tab-id=\"wgl-tab_2101\" class=\"wgl-tabs_content\">\r\n                    <p>O CMS \u00e9 composto atualmente por:<\/p><p>Gest\u00e3o 2021-2023 CMS<\/p><p><strong>Presidente - Idene de Lourdes Giordani Boschetti<\/strong><\/p><p>Representantes de entidades e movimentos organizados de usu\u00e1rios dos servi\u00e7os de sa\u00fade:<\/p><p>\u00a0<\/p><p>Organiza\u00e7\u00e3o de usu\u00e1rios da sede Municipal:<\/p><p>Titular: Maria In\u00eas Blaya Batista<\/p><p>Suplente: Claudemiro Ferraz de Barros<\/p><p>\u00a0<\/p><p>Organiza\u00e7\u00e3o de usu\u00e1rios do Distrito do Bacupari<\/p><p>Titular: Claudia Maria Azevedo Barcelos<\/p><p>Suplente: Natiele dos Santos Pereira<\/p><p>\u00a0<\/p><p>Organiza\u00e7\u00e3o de usu\u00e1rios do Distrito de Granja Get\u00falio Vargas<\/p><p>Titular: Fabiana Rodrigues Mira da Silva<\/p><p>Suplente: Carmem Marco Silva<\/p><p>\u00a0<\/p><p>Organiza\u00e7\u00e3o de usu\u00e1rios do Distrito de Frei Sebasti\u00e3o<\/p><p>Titular: Roseli Mesquita Monteiro<\/p><p>Suplente: Maria In\u00eaz S. da S. Alves<\/p><p>\u00a0<\/p><p>Organiza\u00e7\u00e3o de usu\u00e1rios do Distrito de Quint\u00e3o<\/p><p>Titular: Idene de Lourdes Giordani Boschetti<\/p><p>Suplente: Ver\u00f4nica Cunha<\/p><p>\u00a0<\/p><p>Organiza\u00e7\u00e3o de usu\u00e1rios da Pastoral da Crian\u00e7a<\/p><p>Titular: Dilma Silveira Moraes<\/p><p>Suplente: Clara Braga Camargo<\/p><p>\u00a0<\/p><p>Organiza\u00e7\u00e3o dos Quilombolas<\/p><p>Titular: Lisiane Borges Goulart Oliveira<\/p><p>Suplente: Alexandra Orguim<\/p><p>\u00a0<\/p><p>\u00a0<\/p><p>\u00a0<\/p><p>\u00a0<\/p><p>Organiza\u00e7\u00e3o das Aldeias Ind\u00edgenas<\/p><p>Titular: Paulo Morinico<\/p><p>Suplente:<\/p><p>\u00a0<\/p><p>Entidades e movimentos organizados de Trabalhadores da \u00c1rea da Sa\u00fade:<\/p><p>\u00a0<\/p><p>Sociedade Beneficente S\u00e3o Jos\u00e9<\/p><p>Titular: Rosenei Strelau Brzoskowski<\/p><p>Suplente: Vanilce Semprebom Soares<\/p><p>\u00a0<\/p><p>Laborat\u00f3rios Privados com filial no Munic\u00edpio<\/p><p>Titular: Kleide Ferreira da Silva<\/p><p>Suplente:<\/p><p>\u00a0<\/p><p>Profissionais da \u00c1rea da Sa\u00fade, prestadores de servi\u00e7os no Munic\u00edpio<\/p><p>Titular: Rita de C\u00e1ssia Braga Silva- T\u00e9cnica de Enfermagem<\/p><p>Suplente:<\/p><p>Titular: Nara Cibele Santos<\/p><p>\u00a0<\/p><p>Representantes do Governo Municipal<\/p><p>\u00a0<\/p><p>Secretaria Municipal de Sa\u00fade<\/p><p>Titular: Roseli Rechenmacher Silveira<\/p><p>Suplente:<\/p><p>Suplente: Jo\u00e3o Batista Bueno Ferreira<\/p><p>Suplente: Cristine Stroher<\/p><p>\u00a0<\/p><p>Secretaria Municipal de Desenvolvimento Social, Habita\u00e7\u00e3o, Trabalho, Cidadania e Direitos Humanos:<\/p><p>Titular: Denise Maria Shefer da Silva Moraes<\/p><p>Suplente: Adriana Fel Quintanilha<\/p><p>\u00a0<\/p><p>Secretaria Municipal de Educa\u00e7\u00e3o<\/p><p>Titular: Daiane Vieira<\/p><p>Suplente: Gustavo Erichsen<\/p><p>\u00a0<\/p>                    <\/div>\r\n\r\n                                    <div data-tab-id=\"wgl-tab_2102\" class=\"wgl-tabs_content\">\r\n                    <p>Resolu\u00e7\u00e3o 01\/2023<\/p>                    <\/div>\r\n\r\n                                    <div data-tab-id=\"wgl-tab_2103\" class=\"wgl-tabs_content\">\r\n                    Lorem ipsum dolor sit amet, consectetur adipisicing elit. Optio, neque qui velit. Magni dolorum quidem ipsam eligendi, totam, facilis laudantium cum accusamus ullam voluptatibus commodi numquam, error, est. Ea, consequatur.                    <\/div>\r\n\r\n                                    <div data-tab-id=\"wgl-tab_2104\" class=\"wgl-tabs_content\">\r\n                    <p><a href=\"https:\/\/palmaresdosul.rs.gov.br\/novosite\/editais\/edital-001-2024-chamamento-puplico-para-eleicoes-do-conselho-municipal\/\">Edital n\u00ba 0001\/2023<\/a><\/p><p>\u00a0<\/p>                    <\/div>\r\n\r\n                            <\/div>\r\n\r\n        <\/div>\r\n        \t\t<\/div>\n\t\t\t\t<\/div>\n\t\t\t\t\t<\/div>\n\t\t\t\t<\/div>\n\t\t<div class=\"elementor-element elementor-element-dcdae5d e-con-boxed e-con\" data-id=\"dcdae5d\" data-element_type=\"container\" data-settings=\"{&quot;content_width&quot;:&quot;boxed&quot;}\">\n\t\t\t\t\t<div class=\"e-con-inner\">\n\t\t\t\t\t<\/div>\n\t\t\t\t<\/div>\n\t\t<div class=\"elementor-element elementor-element-f189d0d e-con-boxed e-con\" data-id=\"f189d0d\" data-element_type=\"container\" data-settings=\"{&quot;content_width&quot;:&quot;boxed&quot;}\">\n\t\t\t\t\t<div class=\"e-con-inner\">\n\t\t\t\t<div class=\"elementor-element elementor-element-406c68c elementor-widget elementor-widget-spacer\" data-id=\"406c68c\" data-element_type=\"widget\" data-widget_type=\"spacer.default\">\n\t\t\t\t<div class=\"elementor-widget-container\">\n\t\t\t<style>\/*! elementor - v3.9.2 - 21-12-2022 *\/\n.elementor-column .elementor-spacer-inner{height:var(--spacer-size)}.e-con{--container-widget-width:100%}.e-con-inner>.elementor-widget-spacer,.e-con>.elementor-widget-spacer{width:var(--container-widget-width,var(--spacer-size));--align-self:var(--container-widget-align-self,initial);--flex-shrink:0}.e-con-inner>.elementor-widget-spacer>.elementor-widget-container,.e-con-inner>.elementor-widget-spacer>.elementor-widget-container>.elementor-spacer,.e-con>.elementor-widget-spacer>.elementor-widget-container,.e-con>.elementor-widget-spacer>.elementor-widget-container>.elementor-spacer{height:100%}.e-con-inner>.elementor-widget-spacer>.elementor-widget-container>.elementor-spacer>.elementor-spacer-inner,.e-con>.elementor-widget-spacer>.elementor-widget-container>.elementor-spacer>.elementor-spacer-inner{height:var(--container-widget-height,var(--spacer-size))}<\/style>\t\t<div class=\"elementor-spacer\">\n\t\t\t<div class=\"elementor-spacer-inner\"><\/div>\n\t\t<\/div>\n\t\t\t\t<\/div>\n\t\t\t\t<\/div>\n\t\t\t\t\t<\/div>\n\t\t\t\t<\/div>\n\t\t<div class=\"elementor-element elementor-element-35d5a5d e-con-boxed e-con\" data-id=\"35d5a5d\" data-element_type=\"container\" data-settings=\"{&quot;content_width&quot;:&quot;boxed&quot;}\">\n\t\t\t\t\t<div class=\"e-con-inner\">\n\t\t\t\t\t<\/div>\n\t\t\t\t<\/div>\n\t\t<div class=\"elementor-element elementor-element-04fabb2 e-con-boxed e-con\" data-id=\"04fabb2\" data-element_type=\"container\" data-settings=\"{&quot;content_width&quot;:&quot;boxed&quot;}\">\n\t\t\t\t\t<div class=\"e-con-inner\">\n\t\t\t\t\t<\/div>\n\t\t\t\t<\/div>\n\t\t\t\t\t\t\t\t\t<\/div>\n\t\t\t<\/div>\n\t\t\t\t\t<\/div>\n\t\t","protected":false},"excerpt":{"rendered":"<p>O Conselho Municipal da Sa\u00fade (CMS) de Palmares do Sul \u00e9 um \u00f3rg\u00e3o deliberativo, normativo, formulador e controlador da pol\u00edtica de atendimento dos direitos, conforme os Servi\u00e7os de Sa\u00fade (Lei Federal 8080\/90) \u00a0e a Lei Municipal 0648\/97. O CONSELHO LEGISLA\u00c7\u00c3O O CONSELHO SA\u00daDE EDITAIS O CMS \u00e9 composto atualmente por: Gest\u00e3o 2021-2023 CMS Presidente &#8211; [&hellip;]<\/p>\n","protected":false},"author":1,"featured_media":0,"parent":0,"menu_order":0,"comment_status":"closed","ping_status":"closed","template":"","meta":{"footnotes":""},"class_list":["post-12772","page","type-page","status-publish","hentry"],"_links":{"self":[{"href":"https:\/\/palmaresdosul.rs.gov.br\/novosite\/wp-json\/wp\/v2\/pages\/12772","targetHints":{"allow":["GET"]}}],"collection":[{"href":"https:\/\/palmaresdosul.rs.gov.br\/novosite\/wp-json\/wp\/v2\/pages"}],"about":[{"href":"https:\/\/palmaresdosul.rs.gov.br\/novosite\/wp-json\/wp\/v2\/types\/page"}],"author":[{"embeddable":true,"href":"https:\/\/palmaresdosul.rs.gov.br\/novosite\/wp-json\/wp\/v2\/users\/1"}],"replies":[{"embeddable":true,"href":"https:\/\/palmaresdosul.rs.gov.br\/novosite\/wp-json\/wp\/v2\/comments?post=12772"}],"version-history":[{"count":17,"href":"https:\/\/palmaresdosul.rs.gov.br\/novosite\/wp-json\/wp\/v2\/pages\/12772\/revisions"}],"predecessor-version":[{"id":12841,"href":"https:\/\/palmaresdosul.rs.gov.br\/novosite\/wp-json\/wp\/v2\/pages\/12772\/revisions\/12841"}],"wp:attachment":[{"href":"https:\/\/palmaresdosul.rs.gov.br\/novosite\/wp-json\/wp\/v2\/media?parent=12772"}],"curies":[{"name":"wp","href":"https:\/\/api.w.org\/{rel}","templated":true}]}}