{"id":1109,"date":"2018-12-11T12:37:38","date_gmt":"2018-12-11T14:37:38","guid":{"rendered":"http:\/\/www.palmaresdosul.rs.gov.br\/novosite\/?page_id=1109"},"modified":"2025-01-07T15:11:58","modified_gmt":"2025-01-07T18:11:58","slug":"diario-oficial","status":"publish","type":"page","link":"https:\/\/palmaresdosul.rs.gov.br\/novosite\/diario-oficial\/","title":{"rendered":"Di\u00e1rio Oficial"},"content":{"rendered":"\t\t<div data-elementor-type=\"wp-page\" data-elementor-id=\"1109\" class=\"elementor elementor-1109\">\n\t\t\t\t\t\t<div class=\"elementor-inner\">\n\t\t\t\t<div class=\"elementor-section-wrap\">\n\t\t\t\t\t\t\t<div class=\"elementor-element elementor-element-caa8f86 e-con-boxed e-con\" data-id=\"caa8f86\" data-element_type=\"container\" data-settings=\"{&quot;content_width&quot;:&quot;boxed&quot;}\">\n\t\t\t\t\t<div class=\"e-con-inner\">\n\t\t<div class=\"elementor-element elementor-element-1341299 e-con-boxed e-con\" data-id=\"1341299\" data-element_type=\"container\" data-settings=\"{&quot;content_width&quot;:&quot;boxed&quot;}\">\n\t\t\t\t\t<div class=\"e-con-inner\">\n\t\t\t\t<div class=\"elementor-element elementor-element-996823a elementor-widget elementor-widget-heading\" data-id=\"996823a\" data-element_type=\"widget\" data-widget_type=\"heading.default\">\n\t\t\t\t<div class=\"elementor-widget-container\">\n\t\t\t<style>\/*! elementor - v3.9.2 - 21-12-2022 *\/\n.elementor-heading-title{padding:0;margin:0;line-height:1}.elementor-widget-heading .elementor-heading-title[class*=elementor-size-]>a{color:inherit;font-size:inherit;line-height:inherit}.elementor-widget-heading .elementor-heading-title.elementor-size-small{font-size:15px}.elementor-widget-heading .elementor-heading-title.elementor-size-medium{font-size:19px}.elementor-widget-heading .elementor-heading-title.elementor-size-large{font-size:29px}.elementor-widget-heading .elementor-heading-title.elementor-size-xl{font-size:39px}.elementor-widget-heading .elementor-heading-title.elementor-size-xxl{font-size:59px}<\/style><h2 class=\"elementor-heading-title elementor-size-default\">Decretos<\/h2>\t\t<\/div>\n\t\t\t\t<\/div>\n\t\t\t\t<div class=\"elementor-element elementor-element-3f2bd1d elementor-widget-divider--view-line elementor-widget elementor-widget-divider\" data-id=\"3f2bd1d\" data-element_type=\"widget\" data-widget_type=\"divider.default\">\n\t\t\t\t<div class=\"elementor-widget-container\">\n\t\t\t<style>\/*! elementor - v3.9.2 - 21-12-2022 *\/\n.elementor-widget-divider{--divider-border-style:none;--divider-border-width:1px;--divider-color:#2c2c2c;--divider-icon-size:20px;--divider-element-spacing:10px;--divider-pattern-height:24px;--divider-pattern-size:20px;--divider-pattern-url:none;--divider-pattern-repeat:repeat-x}.elementor-widget-divider .elementor-divider{display:flex}.elementor-widget-divider .elementor-divider__text{font-size:15px;line-height:1;max-width:95%}.elementor-widget-divider .elementor-divider__element{margin:0 var(--divider-element-spacing);flex-shrink:0}.elementor-widget-divider .elementor-icon{font-size:var(--divider-icon-size)}.elementor-widget-divider .elementor-divider-separator{display:flex;margin:0;direction:ltr}.elementor-widget-divider--view-line_icon .elementor-divider-separator,.elementor-widget-divider--view-line_text .elementor-divider-separator{align-items:center}.elementor-widget-divider--view-line_icon .elementor-divider-separator:after,.elementor-widget-divider--view-line_icon .elementor-divider-separator:before,.elementor-widget-divider--view-line_text .elementor-divider-separator:after,.elementor-widget-divider--view-line_text .elementor-divider-separator:before{display:block;content:\"\";border-bottom:0;flex-grow:1;border-top:var(--divider-border-width) var(--divider-border-style) var(--divider-color)}.elementor-widget-divider--element-align-left .elementor-divider .elementor-divider-separator>.elementor-divider__svg:first-of-type{flex-grow:0;flex-shrink:100}.elementor-widget-divider--element-align-left .elementor-divider-separator:before{content:none}.elementor-widget-divider--element-align-left .elementor-divider__element{margin-left:0}.elementor-widget-divider--element-align-right .elementor-divider .elementor-divider-separator>.elementor-divider__svg:last-of-type{flex-grow:0;flex-shrink:100}.elementor-widget-divider--element-align-right .elementor-divider-separator:after{content:none}.elementor-widget-divider--element-align-right .elementor-divider__element{margin-right:0}.elementor-widget-divider:not(.elementor-widget-divider--view-line_text):not(.elementor-widget-divider--view-line_icon) .elementor-divider-separator{border-top:var(--divider-border-width) var(--divider-border-style) var(--divider-color)}.elementor-widget-divider--separator-type-pattern{--divider-border-style:none}.elementor-widget-divider--separator-type-pattern.elementor-widget-divider--view-line .elementor-divider-separator,.elementor-widget-divider--separator-type-pattern:not(.elementor-widget-divider--view-line) .elementor-divider-separator:after,.elementor-widget-divider--separator-type-pattern:not(.elementor-widget-divider--view-line) .elementor-divider-separator:before,.elementor-widget-divider--separator-type-pattern:not([class*=elementor-widget-divider--view]) .elementor-divider-separator{width:100%;min-height:var(--divider-pattern-height);-webkit-mask-size:var(--divider-pattern-size) 100%;mask-size:var(--divider-pattern-size) 100%;-webkit-mask-repeat:var(--divider-pattern-repeat);mask-repeat:var(--divider-pattern-repeat);background-color:var(--divider-color);-webkit-mask-image:var(--divider-pattern-url);mask-image:var(--divider-pattern-url)}.elementor-widget-divider--no-spacing{--divider-pattern-size:auto}.elementor-widget-divider--bg-round{--divider-pattern-repeat:round}.rtl .elementor-widget-divider .elementor-divider__text{direction:rtl}.e-con-inner>.elementor-widget-divider,.e-con>.elementor-widget-divider{width:var(--container-widget-width);--flex-grow:var(--container-widget-flex-grow)}<\/style>\t\t<div class=\"elementor-divider\">\n\t\t\t<span class=\"elementor-divider-separator\">\n\t\t\t\t\t\t<\/span>\n\t\t<\/div>\n\t\t\t\t<\/div>\n\t\t\t\t<\/div>\n\t\t\t\t<div class=\"elementor-element elementor-element-c258c0b elementor-grid-4 elementor-grid-tablet-2 elementor-grid-mobile-1 elementor-posts--thumbnail-top elementor-widget elementor-widget-posts\" data-id=\"c258c0b\" data-element_type=\"widget\" data-settings=\"{&quot;classic_columns&quot;:&quot;4&quot;,&quot;classic_columns_tablet&quot;:&quot;2&quot;,&quot;classic_columns_mobile&quot;:&quot;1&quot;,&quot;classic_row_gap&quot;:{&quot;unit&quot;:&quot;px&quot;,&quot;size&quot;:35,&quot;sizes&quot;:[]},&quot;classic_row_gap_tablet&quot;:{&quot;unit&quot;:&quot;px&quot;,&quot;size&quot;:&quot;&quot;,&quot;sizes&quot;:[]},&quot;classic_row_gap_mobile&quot;:{&quot;unit&quot;:&quot;px&quot;,&quot;size&quot;:&quot;&quot;,&quot;sizes&quot;:[]}}\" data-widget_type=\"posts.classic\">\n\t\t\t\t<div class=\"elementor-widget-container\">\n\t\t\t<link rel=\"stylesheet\" href=\"https:\/\/palmaresdosul.rs.gov.br\/novosite\/wp-content\/plugins\/elementor-pro\/assets\/css\/widget-posts.min.css\">\t\t<div class=\"elementor-posts-container elementor-posts elementor-posts--skin-classic elementor-grid\">\r\n\t\t\t\t<article class=\"elementor-post elementor-grid-item post-19335 documento type-documento status-publish hentry documento_type-decreto documento_origin-gabinete\">\r\n\t\t\t\t<div class=\"elementor-post__text\">\r\n\t\t\t\t<div class=\"elementor-post__title\">\r\n\t\t\t<a href=\"https:\/\/palmaresdosul.rs.gov.br\/novosite\/documentos\/decreto-no-8-400-de-22-de-abril-de-2026\/\" >\r\n\t\t\t\tDECRETO N\u00ba 8.400, DE 22 DE ABRIL DE 2026.\t\t\t<\/a>\r\n\t\t<\/div>\r\n\t\t\t\t<div class=\"elementor-post__meta-data\">\r\n\t\t\t\t\t<span class=\"elementor-post-date\">\r\n\t\t\t23 de abril de 2026\t\t<\/span>\r\n\t\t\t\t<\/div>\r\n\t\t\t\t<div class=\"elementor-post__excerpt\">\r\n\t\t\t<p>Regulamenta o sorteio do programa de est\u00edmulo ao aumento da arrecada\u00e7\u00e3o &#8220;Reconstruir Palmares, sua nota vale dinheiro\u201d.<\/p>\n\t\t<\/div>\r\n\t\t\r\n\t\t<a class=\"elementor-post__read-more\" href=\"https:\/\/palmaresdosul.rs.gov.br\/novosite\/documentos\/decreto-no-8-400-de-22-de-abril-de-2026\/\" >\r\n\t\t\tmais  \u00bb\t\t<\/a>\r\n\r\n\t\t\t\t<\/div>\r\n\t\t\t\t<\/article>\r\n\t\t\t\t<article class=\"elementor-post elementor-grid-item post-18976 documento type-documento status-publish hentry documento_type-decreto documento_origin-gabinete\">\r\n\t\t\t\t<div class=\"elementor-post__text\">\r\n\t\t\t\t<div class=\"elementor-post__title\">\r\n\t\t\t<a href=\"https:\/\/palmaresdosul.rs.gov.br\/novosite\/documentos\/decreto-no-8-346-de-25-de-fevereiro-de-2026\/\" >\r\n\t\t\t\tDECRETO N\u00ba 8.346, DE 25 DE FEVEREIRO DE 2026.\t\t\t<\/a>\r\n\t\t<\/div>\r\n\t\t\t\t<div class=\"elementor-post__meta-data\">\r\n\t\t\t\t\t<span class=\"elementor-post-date\">\r\n\t\t\t25 de fevereiro de 2026\t\t<\/span>\r\n\t\t\t\t<\/div>\r\n\t\t\t\t<div class=\"elementor-post__excerpt\">\r\n\t\t\t<p>Disp\u00f5e sobre a arrecada\u00e7\u00e3o de im\u00f3vel urbano considerado vago por abandono e d\u00e1 outras provid\u00eancias.<\/p>\n\t\t<\/div>\r\n\t\t\r\n\t\t<a class=\"elementor-post__read-more\" href=\"https:\/\/palmaresdosul.rs.gov.br\/novosite\/documentos\/decreto-no-8-346-de-25-de-fevereiro-de-2026\/\" >\r\n\t\t\tmais  \u00bb\t\t<\/a>\r\n\r\n\t\t\t\t<\/div>\r\n\t\t\t\t<\/article>\r\n\t\t\t\t<article class=\"elementor-post elementor-grid-item post-18966 documento type-documento status-publish hentry documento_type-decreto documento_origin-gabinete\">\r\n\t\t\t\t<div class=\"elementor-post__text\">\r\n\t\t\t\t<div class=\"elementor-post__title\">\r\n\t\t\t<a href=\"https:\/\/palmaresdosul.rs.gov.br\/novosite\/documentos\/decreto-n-o-8-341-de-19-de-fevereiro-de-2026\/\" >\r\n\t\t\t\tDECRETO N.\u00ba 8.341, DE 19 DE FEVEREIRO DE 2026.\t\t\t<\/a>\r\n\t\t<\/div>\r\n\t\t\t\t<div class=\"elementor-post__meta-data\">\r\n\t\t\t\t\t<span class=\"elementor-post-date\">\r\n\t\t\t19 de fevereiro de 2026\t\t<\/span>\r\n\t\t\t\t<\/div>\r\n\t\t\t\t<div class=\"elementor-post__excerpt\">\r\n\t\t\t<p>Declara de utilidade p\u00fablica para fins de desapropria\u00e7\u00e3o amig\u00e1vel ou judicial, im\u00f3vel que especifica e d\u00e1 outras provid\u00eancias.<\/p>\n\t\t<\/div>\r\n\t\t\r\n\t\t<a class=\"elementor-post__read-more\" href=\"https:\/\/palmaresdosul.rs.gov.br\/novosite\/documentos\/decreto-n-o-8-341-de-19-de-fevereiro-de-2026\/\" >\r\n\t\t\tmais  \u00bb\t\t<\/a>\r\n\r\n\t\t\t\t<\/div>\r\n\t\t\t\t<\/article>\r\n\t\t\t\t<article class=\"elementor-post elementor-grid-item post-18838 documento type-documento status-publish hentry documento_type-decreto documento_origin-gabinete\">\r\n\t\t\t\t<div class=\"elementor-post__text\">\r\n\t\t\t\t<div class=\"elementor-post__title\">\r\n\t\t\t<a href=\"https:\/\/palmaresdosul.rs.gov.br\/novosite\/documentos\/decreto-no-8-316-de-21-de-janeiro-de-2026\/\" >\r\n\t\t\t\tDECRETO N\u00ba 8.316, DE 21 DE JANEIRO DE 2026\t\t\t<\/a>\r\n\t\t<\/div>\r\n\t\t\t\t<div class=\"elementor-post__meta-data\">\r\n\t\t\t\t\t<span class=\"elementor-post-date\">\r\n\t\t\t21 de janeiro de 2026\t\t<\/span>\r\n\t\t\t\t<\/div>\r\n\t\t\t\t<div class=\"elementor-post__excerpt\">\r\n\t\t\t<p>Declara de utilidade p\u00fablica para fins de desapropria\u00e7\u00e3o amig\u00e1vel ou judicial, im\u00f3vel sem registro imobili\u00e1rio (matr\u00edcula) necess\u00e1rio para a constru\u00e7\u00e3o de um posto de sa\u00fade<\/p>\n\t\t<\/div>\r\n\t\t\r\n\t\t<a class=\"elementor-post__read-more\" href=\"https:\/\/palmaresdosul.rs.gov.br\/novosite\/documentos\/decreto-no-8-316-de-21-de-janeiro-de-2026\/\" >\r\n\t\t\tmais  \u00bb\t\t<\/a>\r\n\r\n\t\t\t\t<\/div>\r\n\t\t\t\t<\/article>\r\n\t\t\t\t<article class=\"elementor-post elementor-grid-item post-17162 documento type-documento status-publish hentry documento_type-inex documento_origin-adm\">\r\n\t\t\t\t<div class=\"elementor-post__text\">\r\n\t\t\t\t<div class=\"elementor-post__title\">\r\n\t\t\t<a href=\"https:\/\/palmaresdosul.rs.gov.br\/novosite\/documentos\/da-ciencia-de-homologacao-de-chamamento-publico-para-organizacoes-da-sociedade-civil-osc\/\" >\r\n\t\t\t\tD\u00e1 ci\u00eancia de homologa\u00e7\u00e3o de chamamento p\u00fablico para Organiza\u00e7\u00f5es da Sociedade Civil (OSC)\t\t\t<\/a>\r\n\t\t<\/div>\r\n\t\t\t\t<div class=\"elementor-post__meta-data\">\r\n\t\t\t\t\t<span class=\"elementor-post-date\">\r\n\t\t\t4 de dezembro de 2025\t\t<\/span>\r\n\t\t\t\t<\/div>\r\n\t\t\t\t<div class=\"elementor-post__excerpt\">\r\n\t\t\t\t\t<\/div>\r\n\t\t\r\n\t\t<a class=\"elementor-post__read-more\" href=\"https:\/\/palmaresdosul.rs.gov.br\/novosite\/documentos\/da-ciencia-de-homologacao-de-chamamento-publico-para-organizacoes-da-sociedade-civil-osc\/\" >\r\n\t\t\tmais  \u00bb\t\t<\/a>\r\n\r\n\t\t\t\t<\/div>\r\n\t\t\t\t<\/article>\r\n\t\t\t\t<article class=\"elementor-post elementor-grid-item post-16494 documento type-documento status-publish hentry documento_type-decreto documento_origin-gabinete\">\r\n\t\t\t\t<div class=\"elementor-post__text\">\r\n\t\t\t\t<div class=\"elementor-post__title\">\r\n\t\t\t<a href=\"https:\/\/palmaresdosul.rs.gov.br\/novosite\/documentos\/decreto-no-8-215-de-19-de-novembro-de-2025\/\" >\r\n\t\t\t\tDECRETO N\u00ba 8.215, DE 19 DE NOVEMBRO DE 2025.\t\t\t<\/a>\r\n\t\t<\/div>\r\n\t\t\t\t<div class=\"elementor-post__meta-data\">\r\n\t\t\t\t\t<span class=\"elementor-post-date\">\r\n\t\t\t19 de novembro de 2025\t\t<\/span>\r\n\t\t\t\t<\/div>\r\n\t\t\t\t<div class=\"elementor-post__excerpt\">\r\n\t\t\t<p>DECLARA DE UTILIDADE P\u00daBLICA PARA FINS DE DESAPROPRIA\u00c7\u00c3O, O IM\u00d3VEL QUE DESCREVE.<\/p>\n\t\t<\/div>\r\n\t\t\r\n\t\t<a class=\"elementor-post__read-more\" href=\"https:\/\/palmaresdosul.rs.gov.br\/novosite\/documentos\/decreto-no-8-215-de-19-de-novembro-de-2025\/\" >\r\n\t\t\tmais  \u00bb\t\t<\/a>\r\n\r\n\t\t\t\t<\/div>\r\n\t\t\t\t<\/article>\r\n\t\t\t\t<\/div>\r\n\t\t\r\n\t\t\t\t<\/div>\n\t\t\t\t<\/div>\n\t\t\t\t<div class=\"elementor-element elementor-element-22b5a3f elementor-widget-divider--view-line elementor-widget elementor-widget-divider\" data-id=\"22b5a3f\" data-element_type=\"widget\" data-widget_type=\"divider.default\">\n\t\t\t\t<div class=\"elementor-widget-container\">\n\t\t\t\t\t<div class=\"elementor-divider\">\n\t\t\t<span class=\"elementor-divider-separator\">\n\t\t\t\t\t\t<\/span>\n\t\t<\/div>\n\t\t\t\t<\/div>\n\t\t\t\t<\/div>\n\t\t\t\t<div class=\"elementor-element elementor-element-0217cbf elementor-widget elementor-widget-heading\" data-id=\"0217cbf\" data-element_type=\"widget\" data-widget_type=\"heading.default\">\n\t\t\t\t<div class=\"elementor-widget-container\">\n\t\t\t<h2 class=\"elementor-heading-title elementor-size-default\">Editais<\/h2>\t\t<\/div>\n\t\t\t\t<\/div>\n\t\t\t\t<div class=\"elementor-element elementor-element-8ea7d99 elementor-widget-divider--view-line elementor-widget elementor-widget-divider\" data-id=\"8ea7d99\" data-element_type=\"widget\" data-widget_type=\"divider.default\">\n\t\t\t\t<div class=\"elementor-widget-container\">\n\t\t\t\t\t<div class=\"elementor-divider\">\n\t\t\t<span class=\"elementor-divider-separator\">\n\t\t\t\t\t\t<\/span>\n\t\t<\/div>\n\t\t\t\t<\/div>\n\t\t\t\t<\/div>\n\t\t\t\t<div class=\"elementor-element elementor-element-c818c13 elementor-grid-4 elementor-grid-tablet-2 elementor-grid-mobile-1 elementor-posts--thumbnail-top elementor-widget elementor-widget-posts\" data-id=\"c818c13\" data-element_type=\"widget\" data-settings=\"{&quot;classic_columns&quot;:&quot;4&quot;,&quot;classic_columns_tablet&quot;:&quot;2&quot;,&quot;classic_columns_mobile&quot;:&quot;1&quot;,&quot;classic_row_gap&quot;:{&quot;unit&quot;:&quot;px&quot;,&quot;size&quot;:35,&quot;sizes&quot;:[]},&quot;classic_row_gap_tablet&quot;:{&quot;unit&quot;:&quot;px&quot;,&quot;size&quot;:&quot;&quot;,&quot;sizes&quot;:[]},&quot;classic_row_gap_mobile&quot;:{&quot;unit&quot;:&quot;px&quot;,&quot;size&quot;:&quot;&quot;,&quot;sizes&quot;:[]}}\" data-widget_type=\"posts.classic\">\n\t\t\t\t<div class=\"elementor-widget-container\">\n\t\t\t\t\t<div class=\"elementor-posts-container elementor-posts elementor-posts--skin-classic elementor-grid\">\r\n\t\t\t\t<article class=\"elementor-post elementor-grid-item post-19504 edital type-edital status-publish hentry\">\r\n\t\t\t\t<div class=\"elementor-post__text\">\r\n\t\t\t\t<div class=\"elementor-post__title\">\r\n\t\t\t<a href=\"https:\/\/palmaresdosul.rs.gov.br\/novosite\/editais\/8-152-edital-abertura-de-inscricoes-varios-cargos-educacao-pss-14-26\/\" >\r\n\t\t\t\t8.152 EDITAL ABERTURA DE INSCRI\u00c7\u00d5ES VARIOS CARGOS EDUCA\u00c7\u00c3O PSS 14\/26\t\t\t<\/a>\r\n\t\t<\/div>\r\n\t\t\t\t<div class=\"elementor-post__meta-data\">\r\n\t\t\t\t\t<span class=\"elementor-post-date\">\r\n\t\t\t8 de maio de 2026\t\t<\/span>\r\n\t\t\t\t<\/div>\r\n\t\t\t\t<div class=\"elementor-post__excerpt\">\r\n\t\t\t<p>8.152 EDITAL ABERTURA DE INSCRI\u00c7\u00d5ES VARIOS CARGOS EDUCA\u00c7\u00c3O PSS 14\/26<\/p>\n\t\t<\/div>\r\n\t\t\r\n\t\t<a class=\"elementor-post__read-more\" href=\"https:\/\/palmaresdosul.rs.gov.br\/novosite\/editais\/8-152-edital-abertura-de-inscricoes-varios-cargos-educacao-pss-14-26\/\" >\r\n\t\t\tmais  \u00bb\t\t<\/a>\r\n\r\n\t\t\t\t<\/div>\r\n\t\t\t\t<\/article>\r\n\t\t\t\t<article class=\"elementor-post elementor-grid-item post-19498 edital type-edital status-publish hentry edital_category-chamamento edital_status-publicado\">\r\n\t\t\t\t<div class=\"elementor-post__text\">\r\n\t\t\t\t<div class=\"elementor-post__title\">\r\n\t\t\t<a href=\"https:\/\/palmaresdosul.rs.gov.br\/novosite\/editais\/edital-de-chamamento-publico-no-8136-2026\/\" >\r\n\t\t\t\tEDITAL DE CHAMAMENTO P\u00daBLICO N\u00ba 8136\/2026 &#8211; PROJETOS ALDIR BLANC 2026\t\t\t<\/a>\r\n\t\t<\/div>\r\n\t\t\t\t<div class=\"elementor-post__meta-data\">\r\n\t\t\t\t\t<span class=\"elementor-post-date\">\r\n\t\t\t7 de maio de 2026\t\t<\/span>\r\n\t\t\t\t<\/div>\r\n\t\t\t\t<div class=\"elementor-post__excerpt\">\r\n\t\t\t<p>Edital para Sele\u00e7\u00f5es de Projetos para Firmar Termo de Execu\u00e7\u00e3o Cultural com Recursos da Pol\u00edtica Nacional Aldir Blanc de Fomento \u00e0 Cultura \u2013 PNAB (Lei<\/p>\n\t\t<\/div>\r\n\t\t\r\n\t\t<a class=\"elementor-post__read-more\" href=\"https:\/\/palmaresdosul.rs.gov.br\/novosite\/editais\/edital-de-chamamento-publico-no-8136-2026\/\" >\r\n\t\t\tmais  \u00bb\t\t<\/a>\r\n\r\n\t\t\t\t<\/div>\r\n\t\t\t\t<\/article>\r\n\t\t\t\t<article class=\"elementor-post elementor-grid-item post-19492 edital type-edital status-publish hentry edital_category-chamamento edital_status-publicado\">\r\n\t\t\t\t<div class=\"elementor-post__text\">\r\n\t\t\t\t<div class=\"elementor-post__title\">\r\n\t\t\t<a href=\"https:\/\/palmaresdosul.rs.gov.br\/novosite\/editais\/edital-de-chamamento-publico-no-8137-2026-premiacao-aldir-blanc\/\" >\r\n\t\t\t\tEDITAL DE CHAMAMENTO P\u00daBLICO N\u00ba 8137\/2026 &#8211; PREMIA\u00c7\u00c3O ALDIR BLANC\t\t\t<\/a>\r\n\t\t<\/div>\r\n\t\t\t\t<div class=\"elementor-post__meta-data\">\r\n\t\t\t\t\t<span class=\"elementor-post-date\">\r\n\t\t\t7 de maio de 2026\t\t<\/span>\r\n\t\t\t\t<\/div>\r\n\t\t\t\t<div class=\"elementor-post__excerpt\">\r\n\t\t\t\t\t<\/div>\r\n\t\t\r\n\t\t<a class=\"elementor-post__read-more\" href=\"https:\/\/palmaresdosul.rs.gov.br\/novosite\/editais\/edital-de-chamamento-publico-no-8137-2026-premiacao-aldir-blanc\/\" >\r\n\t\t\tmais  \u00bb\t\t<\/a>\r\n\r\n\t\t\t\t<\/div>\r\n\t\t\t\t<\/article>\r\n\t\t\t\t<article class=\"elementor-post elementor-grid-item post-19489 edital type-edital status-publish hentry edital_category-licitacao edital_status-publicado\">\r\n\t\t\t\t<div class=\"elementor-post__text\">\r\n\t\t\t\t<div class=\"elementor-post__title\">\r\n\t\t\t<a href=\"https:\/\/palmaresdosul.rs.gov.br\/novosite\/editais\/pregao-eletronico-no-35-2026-aquisicao-de-ambulancia-tipo-b-emenda-parlamentar-plano-de-acao-no-09032025-084953\/\" >\r\n\t\t\t\tPreg\u00e3o Eletr\u00f4nico n\u00ba 35.2026 &#8211; Aquisi\u00e7\u00e3o de Ambul\u00e2ncia Tipo B &#8211; Emenda Parlamentar Plano de A\u00e7\u00e3o N\u00ba 09032025-084953\t\t\t<\/a>\r\n\t\t<\/div>\r\n\t\t\t\t<div class=\"elementor-post__meta-data\">\r\n\t\t\t\t\t<span class=\"elementor-post-date\">\r\n\t\t\t7 de maio de 2026\t\t<\/span>\r\n\t\t\t\t<\/div>\r\n\t\t\t\t<div class=\"elementor-post__excerpt\">\r\n\t\t\t\t\t<\/div>\r\n\t\t\r\n\t\t<a class=\"elementor-post__read-more\" href=\"https:\/\/palmaresdosul.rs.gov.br\/novosite\/editais\/pregao-eletronico-no-35-2026-aquisicao-de-ambulancia-tipo-b-emenda-parlamentar-plano-de-acao-no-09032025-084953\/\" >\r\n\t\t\tmais  \u00bb\t\t<\/a>\r\n\r\n\t\t\t\t<\/div>\r\n\t\t\t\t<\/article>\r\n\t\t\t\t<article class=\"elementor-post elementor-grid-item post-19476 edital type-edital status-publish hentry edital_category-licitacao edital_status-publicado\">\r\n\t\t\t\t<div class=\"elementor-post__text\">\r\n\t\t\t\t<div class=\"elementor-post__title\">\r\n\t\t\t<a href=\"https:\/\/palmaresdosul.rs.gov.br\/novosite\/editais\/concorrencia-publica-no-09-2026-ampliacao-esf-dr-giovanne-battista-molon-proposta-12347184000125009-2025\/\" >\r\n\t\t\t\tConcorr\u00eancia P\u00fablica n\u00ba 09.2026 &#8211; Amplia\u00e7\u00e3o ESF Dr Giovanne Battista Molon &#8211; PROPOSTA 12347184000125009\/2025\t\t\t<\/a>\r\n\t\t<\/div>\r\n\t\t\t\t<div class=\"elementor-post__meta-data\">\r\n\t\t\t\t\t<span class=\"elementor-post-date\">\r\n\t\t\t30 de abril de 2026\t\t<\/span>\r\n\t\t\t\t<\/div>\r\n\t\t\t\t<div class=\"elementor-post__excerpt\">\r\n\t\t\t\t\t<\/div>\r\n\t\t\r\n\t\t<a class=\"elementor-post__read-more\" href=\"https:\/\/palmaresdosul.rs.gov.br\/novosite\/editais\/concorrencia-publica-no-09-2026-ampliacao-esf-dr-giovanne-battista-molon-proposta-12347184000125009-2025\/\" >\r\n\t\t\tmais  \u00bb\t\t<\/a>\r\n\r\n\t\t\t\t<\/div>\r\n\t\t\t\t<\/article>\r\n\t\t\t\t<article class=\"elementor-post elementor-grid-item post-19472 edital type-edital status-publish hentry edital_category-licitacao edital_status-publicado\">\r\n\t\t\t\t<div class=\"elementor-post__text\">\r\n\t\t\t\t<div class=\"elementor-post__title\">\r\n\t\t\t<a href=\"https:\/\/palmaresdosul.rs.gov.br\/novosite\/editais\/pregao-eletronico-no-34-2026-servicos-de-veiculacao-de-propagandas\/\" >\r\n\t\t\t\tPreg\u00e3o Eletr\u00f4nico n\u00ba 34.2026 &#8211; Servi\u00e7os de Veicula\u00e7\u00e3o de Propagandas\t\t\t<\/a>\r\n\t\t<\/div>\r\n\t\t\t\t<div class=\"elementor-post__meta-data\">\r\n\t\t\t\t\t<span class=\"elementor-post-date\">\r\n\t\t\t30 de abril de 2026\t\t<\/span>\r\n\t\t\t\t<\/div>\r\n\t\t\t\t<div class=\"elementor-post__excerpt\">\r\n\t\t\t\t\t<\/div>\r\n\t\t\r\n\t\t<a class=\"elementor-post__read-more\" href=\"https:\/\/palmaresdosul.rs.gov.br\/novosite\/editais\/pregao-eletronico-no-34-2026-servicos-de-veiculacao-de-propagandas\/\" >\r\n\t\t\tmais  \u00bb\t\t<\/a>\r\n\r\n\t\t\t\t<\/div>\r\n\t\t\t\t<\/article>\r\n\t\t\t\t<\/div>\r\n\t\t\r\n\t\t\t\t<\/div>\n\t\t\t\t<\/div>\n\t\t\t\t\t<\/div>\n\t\t\t\t<\/div>\n\t\t\t\t\t<\/div>\n\t\t\t\t<\/div>\n\t\t\t\t\t\t\t\t\t<\/div>\n\t\t\t<\/div>\n\t\t\t\t\t<\/div>\n\t\t","protected":false},"excerpt":{"rendered":"<p>Decretos Editais<\/p>\n","protected":false},"author":1,"featured_media":0,"parent":0,"menu_order":0,"comment_status":"closed","ping_status":"closed","template":"","meta":{"footnotes":""},"class_list":["post-1109","page","type-page","status-publish","hentry"],"_links":{"self":[{"href":"https:\/\/palmaresdosul.rs.gov.br\/novosite\/wp-json\/wp\/v2\/pages\/1109","targetHints":{"allow":["GET"]}}],"collection":[{"href":"https:\/\/palmaresdosul.rs.gov.br\/novosite\/wp-json\/wp\/v2\/pages"}],"about":[{"href":"https:\/\/palmaresdosul.rs.gov.br\/novosite\/wp-json\/wp\/v2\/types\/page"}],"author":[{"embeddable":true,"href":"https:\/\/palmaresdosul.rs.gov.br\/novosite\/wp-json\/wp\/v2\/users\/1"}],"replies":[{"embeddable":true,"href":"https:\/\/palmaresdosul.rs.gov.br\/novosite\/wp-json\/wp\/v2\/comments?post=1109"}],"version-history":[{"count":21,"href":"https:\/\/palmaresdosul.rs.gov.br\/novosite\/wp-json\/wp\/v2\/pages\/1109\/revisions"}],"predecessor-version":[{"id":14181,"href":"https:\/\/palmaresdosul.rs.gov.br\/novosite\/wp-json\/wp\/v2\/pages\/1109\/revisions\/14181"}],"wp:attachment":[{"href":"https:\/\/palmaresdosul.rs.gov.br\/novosite\/wp-json\/wp\/v2\/media?parent=1109"}],"curies":[{"name":"wp","href":"https:\/\/api.w.org\/{rel}","templated":true}]}}