{"id":10322,"date":"2023-03-29T14:53:14","date_gmt":"2023-03-29T17:53:14","guid":{"rendered":"https:\/\/www.palmaresdosul.rs.gov.br\/novosite\/?page_id=10322"},"modified":"2023-12-28T14:04:03","modified_gmt":"2023-12-28T17:04:03","slug":"cmdca","status":"publish","type":"page","link":"https:\/\/palmaresdosul.rs.gov.br\/novosite\/cmdca\/","title":{"rendered":"Conselho Municipal dos Direitos da Crian\u00e7a e do Adolescente"},"content":{"rendered":"\t\t<div data-elementor-type=\"wp-page\" data-elementor-id=\"10322\" class=\"elementor elementor-10322\">\n\t\t\t\t\t\t<div class=\"elementor-inner\">\n\t\t\t\t<div class=\"elementor-section-wrap\">\n\t\t\t\t\t\t\t<div class=\"elementor-element elementor-element-067b063 e-con-boxed e-con\" data-id=\"067b063\" data-element_type=\"container\" data-settings=\"{&quot;content_width&quot;:&quot;boxed&quot;}\">\n\t\t\t\t\t<div class=\"e-con-inner\">\n\t\t<div class=\"elementor-element elementor-element-5dcf058 e-con-full e-con\" data-id=\"5dcf058\" data-element_type=\"container\" data-settings=\"{&quot;content_width&quot;:&quot;full&quot;}\">\n\t\t\t\t<div class=\"elementor-element elementor-element-3f9907b elementor-widget elementor-widget-text-editor\" data-id=\"3f9907b\" data-element_type=\"widget\" data-widget_type=\"text-editor.default\">\n\t\t\t\t<div class=\"elementor-widget-container\">\n\t\t\t<style>\/*! elementor - v3.9.2 - 21-12-2022 *\/\n.elementor-widget-text-editor.elementor-drop-cap-view-stacked .elementor-drop-cap{background-color:#818a91;color:#fff}.elementor-widget-text-editor.elementor-drop-cap-view-framed .elementor-drop-cap{color:#818a91;border:3px solid;background-color:transparent}.elementor-widget-text-editor:not(.elementor-drop-cap-view-default) .elementor-drop-cap{margin-top:8px}.elementor-widget-text-editor:not(.elementor-drop-cap-view-default) .elementor-drop-cap-letter{width:1em;height:1em}.elementor-widget-text-editor .elementor-drop-cap{float:left;text-align:center;line-height:1;font-size:50px}.elementor-widget-text-editor .elementor-drop-cap-letter{display:inline-block}<\/style>\t\t\t\t\t<div class=\"elementor-text-editor elementor-clearfix\">\n\t\t\t\t<p><span>O Conselho Municipal dos Direitos da Crian\u00e7a e do Adolescente (CMDCA) de Palmares do Sul \u00e9 um \u00f3rg\u00e3o deliberativo, normativo, formulador e controlador da pol\u00edtica de atendimento dos direitos, conforme o Estatuto da Crian\u00e7a e do Adolescente (Lei Federal 8069\/90) \u00a0e a Lei Municipal 674\/97.<\/span><\/p>\t\t\t\t\t<\/div>\n\t\t\t\t\t\t<\/div>\n\t\t\t\t<\/div>\n\t\t\t\t<\/div>\n\t\t<div class=\"elementor-element elementor-element-1a0ece8 e-con-full e-con\" data-id=\"1a0ece8\" data-element_type=\"container\" data-settings=\"{&quot;content_width&quot;:&quot;full&quot;}\">\n\t\t\t\t<div class=\"elementor-element elementor-element-9c5f359 elementor-widget elementor-widget-image\" data-id=\"9c5f359\" data-element_type=\"widget\" data-widget_type=\"image.default\">\n\t\t\t\t<div class=\"elementor-widget-container\">\n\t\t\t<style>\/*! elementor - v3.9.2 - 21-12-2022 *\/\n.elementor-widget-image{text-align:center}.elementor-widget-image a{display:inline-block}.elementor-widget-image a img[src$=\".svg\"]{width:48px}.elementor-widget-image img{vertical-align:middle;display:inline-block}<\/style>\t\t\t\t\t<div class=\"elementor-image\">\n\t\t\t\t\t\t\t\t\t\t\t\t<img loading=\"lazy\" decoding=\"async\" width=\"424\" height=\"318\" src=\"https:\/\/palmaresdosul.rs.gov.br\/novosite\/wp-content\/uploads\/2023\/04\/cursoprincipal-424x318.jpeg\" class=\"attachment-medium size-medium wp-image-10341\" alt=\"\" srcset=\"https:\/\/palmaresdosul.rs.gov.br\/novosite\/wp-content\/uploads\/2023\/04\/cursoprincipal-424x318.jpeg 424w, https:\/\/palmaresdosul.rs.gov.br\/novosite\/wp-content\/uploads\/2023\/04\/cursoprincipal-212x159.jpeg 212w, https:\/\/palmaresdosul.rs.gov.br\/novosite\/wp-content\/uploads\/2023\/04\/cursoprincipal-600x450.jpeg 600w, https:\/\/palmaresdosul.rs.gov.br\/novosite\/wp-content\/uploads\/2023\/04\/cursoprincipal.jpeg 1024w\" sizes=\"auto, (max-width: 424px) 100vw, 424px\" \/>\t\t\t\t\t\t\t\t\t\t\t\t\t\t<\/div>\n\t\t\t\t\t\t<\/div>\n\t\t\t\t<\/div>\n\t\t\t\t<\/div>\n\t\t\t\t\t<\/div>\n\t\t\t\t<\/div>\n\t\t<div class=\"elementor-element elementor-element-75be466 e-con-boxed e-con\" data-id=\"75be466\" data-element_type=\"container\" data-settings=\"{&quot;content_width&quot;:&quot;boxed&quot;}\">\n\t\t\t\t\t<div class=\"e-con-inner\">\n\t\t\t\t<div class=\"elementor-element elementor-element-140e937 elementor-widget elementor-widget-wgl-tabs\" data-id=\"140e937\" data-element_type=\"widget\" data-widget_type=\"wgl-tabs.default\">\n\t\t\t\t<div class=\"elementor-widget-container\">\n\t\t\t        <div class=\"wgl-tabs icon_position-top tabs_align-left\">\r\n\r\n            <div class=\"wgl-tabs_headings\">                    <h4 data-tab-id=\"wgl-tab_2101\" class=\"wgl-tabs_header\">\r\n                        <span class=\"wgl-tabs_title\">O CONSELHO<\/span>\r\n\r\n                        \r\n                    <\/h4>\r\n\r\n                                    <h4 data-tab-id=\"wgl-tab_2102\" class=\"wgl-tabs_header\">\r\n                        <span class=\"wgl-tabs_title\">LEGISLA\u00c7\u00c3O<\/span>\r\n\r\n                        \r\n                    <\/h4>\r\n\r\n                                    <h4 data-tab-id=\"wgl-tab_2103\" class=\"wgl-tabs_header\">\r\n                        <span class=\"wgl-tabs_title\">O CONSELHO TUTELAR<\/span>\r\n\r\n                        \r\n                    <\/h4>\r\n\r\n                                    <h4 data-tab-id=\"wgl-tab_2104\" class=\"wgl-tabs_header\">\r\n                        <span class=\"wgl-tabs_title\">EDITAIS<\/span>\r\n\r\n                        \r\n                    <\/h4>\r\n\r\n                            <\/div>\r\n\r\n            <div class=\"wgl-tabs_content-wrap\">                    <div data-tab-id=\"wgl-tab_2101\" class=\"wgl-tabs_content\">\r\n                    <p>O CMDCA \u00e9 composto atualmente por:<br \/><br \/>Gest\u00e3o 2021-2023 CMDCA<br \/><br \/>Presidente - Jesiel Mendes Greff<br \/>Vice Presidente - Felipe Assis<br \/>Primeira Secret\u00e1ria - Milka Salerno Santos<br \/>Segunda Secret\u00e1ria - Fl\u00e1via Chaves Lopes<br \/>Primeira Tesoureira - Cidronia Maria Machado\u00a0de\u00a0Ara\u00fajo<br \/>Segunda Tesoureira M\u00f4nica de Andrade\u00a0Arnt<\/p><p>Comiss\u00e3o Especial para Elei\u00e7\u00e3o do Conselho Tutelar\u00a02024\/2028<\/p><p>Jeziel Mendes Greff - coordenador - Representante Governamental<br \/>Felipe Assis - Representante Governamental<br \/>Milka Salermo Santos - Representante n\u00e3o Governamental<br \/>Clara Braga - Representante n\u00e3o\u00a0Governamental<\/p>                    <\/div>\r\n\r\n                                    <div data-tab-id=\"wgl-tab_2102\" class=\"wgl-tabs_content\">\r\n                    <p><a href=\"https:\/\/palmaresdosul.rs.gov.br\/novosite\/documentos\/resolucao-no-001-2023-do-cmdca\/\">Resolu\u00e7\u00e3o 01\/2023<\/a><\/p>                    <\/div>\r\n\r\n                                    <div data-tab-id=\"wgl-tab_2103\" class=\"wgl-tabs_content\">\r\n                    Lorem ipsum dolor sit amet, consectetur adipisicing elit. Optio, neque qui velit. Magni dolorum quidem ipsam eligendi, totam, facilis laudantium cum accusamus ullam voluptatibus commodi numquam, error, est. Ea, consequatur.                    <\/div>\r\n\r\n                                    <div data-tab-id=\"wgl-tab_2104\" class=\"wgl-tabs_content\">\r\n                    <p><a href=\"https:\/\/palmaresdosul.rs.gov.br\/novosite\/editais\/edital-n-0001-2023-cmdca\/\">Edital n\u00ba 0001\/2023<\/a><\/p><p><a href=\"https:\/\/palmaresdosul.rs.gov.br\/novosite\/wp-content\/uploads\/2023\/05\/edital-002-23-cmdca.pdf\">Edital n\u00ba 0002\/2023<\/a><\/p><p><a href=\"https:\/\/palmaresdosul.rs.gov.br\/novosite\/editais\/edital-no-003-2023-cmdca-resultado-das-inscricoes\/\">Edital n\u00ba 0003\/2023<\/a><\/p><p><a href=\"https:\/\/palmaresdosul.rs.gov.br\/novosite\/wp-content\/uploads\/2023\/06\/edital-004_2023-eleicao-CT-divulga-locais-capacitacao-e-provas.pdf\">Edital n\u00ba 0004\/2023<\/a><\/p><p><a href=\"https:\/\/palmaresdosul.rs.gov.br\/novosite\/wp-content\/uploads\/2023\/07\/Edital_005_2023_-_reconhece_adao_fernando_gil_da_silva_como_candidato_mediante_liminar_assinado.pdf\">Edital n\u00ba 0005\/2023<\/a><\/p><p><a href=\"https:\/\/palmaresdosul.rs.gov.br\/novosite\/wp-content\/uploads\/2023\/07\/Edital_006_2023-CMCA_divulga-resultado-prova-e-gabarito-eleicao-CT-2023.pdf\">Edital n\u00ba 0006\/2023<\/a><\/p><p><a href=\"https:\/\/palmaresdosul.rs.gov.br\/novosite\/wp-content\/uploads\/2023\/07\/Edital-007_2023-reuniao-candidatos-pre-campanha.jpeg-scaled.jpg\">Edital n\u00ba 0007\/2023<\/a><\/p><p><a href=\"https:\/\/palmaresdosul.rs.gov.br\/novosite\/wp-content\/uploads\/2023\/09\/Edital_008_2023_-_locais_de_votacao_e_convocacao_dos_eleitores_assinado.pdf\">Edital n\u00ba 0008\/2023<\/a><\/p><p><a href=\"https:\/\/palmaresdosul.rs.gov.br\/novosite\/wp-content\/uploads\/2023\/12\/edital009-2023.pdf\">Edital n\u00ba 0009\/2023<\/a><\/p><p><a href=\"https:\/\/palmaresdosul.rs.gov.br\/novosite\/wp-content\/uploads\/2023\/12\/edital-010-2023-.pdf\">Edital n\u00ba 0010\/2023<\/a><\/p><p><a href=\"https:\/\/palmaresdosul.rs.gov.br\/novosite\/wp-content\/uploads\/2023\/12\/edital011-2023assinado.pdf\">Edital n\u00ba 0011\/2023<\/a><\/p>                    <\/div>\r\n\r\n                            <\/div>\r\n\r\n        <\/div>\r\n        \t\t<\/div>\n\t\t\t\t<\/div>\n\t\t\t\t\t<\/div>\n\t\t\t\t<\/div>\n\t\t<div class=\"elementor-element elementor-element-dcdae5d e-con-boxed e-con\" data-id=\"dcdae5d\" data-element_type=\"container\" data-settings=\"{&quot;content_width&quot;:&quot;boxed&quot;}\">\n\t\t\t\t\t<div class=\"e-con-inner\">\n\t\t\t\t<div class=\"elementor-element elementor-element-c084c80 elementor-widget elementor-widget-image\" data-id=\"c084c80\" data-element_type=\"widget\" data-widget_type=\"image.default\">\n\t\t\t\t<div class=\"elementor-widget-container\">\n\t\t\t\t\t\t\t\t<div class=\"elementor-image\">\n\t\t\t\t\t\t\t\t\t\t\t\t<img loading=\"lazy\" decoding=\"async\" width=\"424\" height=\"283\" src=\"https:\/\/palmaresdosul.rs.gov.br\/novosite\/wp-content\/uploads\/2023\/04\/46ef8b1f-9811-47b7-a93b-39760a004a4a-424x283.jpg\" class=\"attachment-medium size-medium wp-image-10342\" alt=\"\" srcset=\"https:\/\/palmaresdosul.rs.gov.br\/novosite\/wp-content\/uploads\/2023\/04\/46ef8b1f-9811-47b7-a93b-39760a004a4a-424x283.jpg 424w, https:\/\/palmaresdosul.rs.gov.br\/novosite\/wp-content\/uploads\/2023\/04\/46ef8b1f-9811-47b7-a93b-39760a004a4a-212x141.jpg 212w, https:\/\/palmaresdosul.rs.gov.br\/novosite\/wp-content\/uploads\/2023\/04\/46ef8b1f-9811-47b7-a93b-39760a004a4a.jpg 1280w\" sizes=\"auto, (max-width: 424px) 100vw, 424px\" \/>\t\t\t\t\t\t\t\t\t\t\t\t\t\t<\/div>\n\t\t\t\t\t\t<\/div>\n\t\t\t\t<\/div>\n\t\t\t\t\t<\/div>\n\t\t\t\t<\/div>\n\t\t<div class=\"elementor-element elementor-element-f189d0d e-con-boxed e-con\" data-id=\"f189d0d\" data-element_type=\"container\" data-settings=\"{&quot;content_width&quot;:&quot;boxed&quot;}\">\n\t\t\t\t\t<div class=\"e-con-inner\">\n\t\t\t\t<div class=\"elementor-element elementor-element-00e9fad elementor-widget elementor-widget-text-editor\" data-id=\"00e9fad\" data-element_type=\"widget\" data-widget_type=\"text-editor.default\">\n\t\t\t\t<div class=\"elementor-widget-container\">\n\t\t\t\t\t\t\t\t<div class=\"elementor-text-editor elementor-clearfix\">\n\t\t\t\t<p>J\u00e1 foi abordado na rua ou na porta de casa por algum candidato a conselheiro tutelar? E quem ainda n\u00e3o recebeu material de campanha impresso ou no celular? S\u00e3o muitos candidatos, que est\u00e3o a todo vapor para conquistar votos! \u00c9 importante que os eleitores busquem informa\u00e7\u00f5es sobre os candidatos de sua cidade para que possam fazer uma escolha consciente no dia 01 de outubro do corrente ano, data da elei\u00e7\u00e3o para conselheiro tutelar.\u00a0<\/p><p>Ser\u00e3o eleitos nesse processo democr\u00e1tico 05 conselheiros tutelares que atuar\u00e3o entre 2024 e 2028. Cada eleitor s\u00f3 poder\u00e1 votar em um candidato da regi\u00e3o administrativa.<\/p><p>Est\u00e3o aptos a votar os cidad\u00e3os brasileiros em pleno gozo dos seus direitos pol\u00edticos, com domic\u00edlio eleitoral em Palmares do Sul. O voto n\u00e3o \u00e9 obrigat\u00f3rio, mas a ampla participa\u00e7\u00e3o dos eleitores \u00e9 fundamental para definir quem ser\u00e3o os respons\u00e1veis por garantir os direitos, respeito e prote\u00e7\u00e3o a crian\u00e7as e adolescentes.<\/p><p>Onde votar: ser\u00e3o disponibilizados alguns locais de vota\u00e7\u00e3o em todas as regi\u00f5es administrativas de Palmares do Sul, que ser\u00e3o informados neste site.<\/p>\t\t\t\t\t<\/div>\n\t\t\t\t\t\t<\/div>\n\t\t\t\t<\/div>\n\t\t\t\t\t<\/div>\n\t\t\t\t<\/div>\n\t\t\t\t\t\t\t\t\t<\/div>\n\t\t\t<\/div>\n\t\t\t\t\t<\/div>\n\t\t","protected":false},"excerpt":{"rendered":"<p>O Conselho Municipal dos Direitos da Crian\u00e7a e do Adolescente (CMDCA) de Palmares do Sul \u00e9 um \u00f3rg\u00e3o deliberativo, normativo, formulador e controlador da pol\u00edtica de atendimento dos direitos, conforme o Estatuto da Crian\u00e7a e do Adolescente (Lei Federal 8069\/90) \u00a0e a Lei Municipal 674\/97. O CONSELHO LEGISLA\u00c7\u00c3O O CONSELHO TUTELAR EDITAIS O CMDCA \u00e9 [&hellip;]<\/p>\n","protected":false},"author":1,"featured_media":0,"parent":0,"menu_order":0,"comment_status":"closed","ping_status":"closed","template":"","meta":{"footnotes":""},"class_list":["post-10322","page","type-page","status-publish","hentry"],"_links":{"self":[{"href":"https:\/\/palmaresdosul.rs.gov.br\/novosite\/wp-json\/wp\/v2\/pages\/10322","targetHints":{"allow":["GET"]}}],"collection":[{"href":"https:\/\/palmaresdosul.rs.gov.br\/novosite\/wp-json\/wp\/v2\/pages"}],"about":[{"href":"https:\/\/palmaresdosul.rs.gov.br\/novosite\/wp-json\/wp\/v2\/types\/page"}],"author":[{"embeddable":true,"href":"https:\/\/palmaresdosul.rs.gov.br\/novosite\/wp-json\/wp\/v2\/users\/1"}],"replies":[{"embeddable":true,"href":"https:\/\/palmaresdosul.rs.gov.br\/novosite\/wp-json\/wp\/v2\/comments?post=10322"}],"version-history":[{"count":81,"href":"https:\/\/palmaresdosul.rs.gov.br\/novosite\/wp-json\/wp\/v2\/pages\/10322\/revisions"}],"predecessor-version":[{"id":12098,"href":"https:\/\/palmaresdosul.rs.gov.br\/novosite\/wp-json\/wp\/v2\/pages\/10322\/revisions\/12098"}],"wp:attachment":[{"href":"https:\/\/palmaresdosul.rs.gov.br\/novosite\/wp-json\/wp\/v2\/media?parent=10322"}],"curies":[{"name":"wp","href":"https:\/\/api.w.org\/{rel}","templated":true}]}}