{"id":1007,"date":"2018-11-28T14:38:04","date_gmt":"2018-11-28T16:38:04","guid":{"rendered":"http:\/\/trr20180930225924958.domtemporario.com.br\/pmps\/?page_id=1007"},"modified":"2025-05-26T14:28:52","modified_gmt":"2025-05-26T17:28:52","slug":"contatos","status":"publish","type":"page","link":"https:\/\/palmaresdosul.rs.gov.br\/novosite\/contatos\/","title":{"rendered":"Telefones e endere\u00e7os"},"content":{"rendered":"<p><strong>LISTA ATUALIZADA<\/strong><\/p>\n<p>&nbsp;<\/p>\n<p><img loading=\"lazy\" decoding=\"async\" class=\"alignnone wp-image-15040\" src=\"https:\/\/palmaresdosul.rs.gov.br\/novosite\/wp-content\/uploads\/2025\/05\/CONTATOS-424x253.jpg\" alt=\"\" width=\"888\" height=\"530\" srcset=\"https:\/\/palmaresdosul.rs.gov.br\/novosite\/wp-content\/uploads\/2025\/05\/CONTATOS-424x253.jpg 424w, https:\/\/palmaresdosul.rs.gov.br\/novosite\/wp-content\/uploads\/2025\/05\/CONTATOS-212x126.jpg 212w, https:\/\/palmaresdosul.rs.gov.br\/novosite\/wp-content\/uploads\/2025\/05\/CONTATOS.jpg 1000w\" sizes=\"auto, (max-width: 888px) 100vw, 888px\" \/><\/p>\n<p>&nbsp;<\/p>\n<p>&nbsp;<\/p>\n<h3><iframe title=\"Prefeitura Municipal de Palmares do Sul\" src=\"https:\/\/maps.google.com\/maps?q=Prefeitura%20Municipal%20de%20Palmares%20do%20Sul&amp;t=m&amp;z=16&amp;output=embed&amp;iwloc=near\" frameborder=\"0\" marginwidth=\"0\" marginheight=\"0\" scrolling=\"no\" aria-label=\"Prefeitura Municipal de Palmares do Sul\"><\/iframe><\/h3>\n<h3>Sede Municipal<\/h3>\n<p><b>Centro de Palmares do Sul<\/b><br \/>\nRua Nossa Senhora dos Navegantes, 442 Centro,\u00a0Palmares do Sul &#8211; RS.<br \/>\nFones:<br \/>\ne-mail: gabinete@palmaresdosul.rs.gov.br<\/p>\n<h3>Expediente<\/h3>\n<p><strong>Horarios de atendimento<\/strong><\/p>\n<p>Todos os pr\u00e9dios p\u00fablicos (com a exce\u00e7\u00e3o da casa de passagem que trabalha 24h) atendendem d\u00e0s 8h \u00e0s 11h30 &#8211; 13h30 \u00e0s 17h.<\/p>\n<p>Em regime de turno \u00fanico o atendimento funciona das 7h \u00e0s 13h, com exce\u00e7\u00e3o do departamento de arrecada\u00e7\u00e3o que em escala de revezamento atende em turno integral.<\/p>\n<h3>Endere\u00e7os e Telefones \u00fateis<\/h3>\n<p><a>Gabinete do Prefeito<\/a><\/p>\n<p>Endere\u00e7o: Rua Nossa Senhora dos Navegantes, 442.<br \/>\n<b>Telefone: 3668 1200 \/ 3668 3113 R214.<\/b><\/p>\n<p><a>Secretaria de Administra\u00e7\u00e3o<\/a><\/p>\n<p>Endere\u00e7o: Rua Nossa Senhora dos Navegantes, 442.<br \/>\n<b>Telefone: 3668 1200 3668 3113<\/b><\/p>\n<p><a>Secretaria de Sa\u00fade<\/a><\/p>\n<p>Endere\u00e7o: Av. Luiz Silveira, 775<br \/>\n<b>Telefone: 3668 3115<\/b><\/p>\n<p><a>Secretaria de Educa\u00e7\u00e3o<\/a><\/p>\n<p>Endere\u00e7o: Rua Nossa Senhora dos Navegantes, 442.<br \/>\n<b>Telefone: 3668 1652<\/b><\/p>\n<p><a>Secretaria de Finan\u00e7as<\/a><\/p>\n<p>Endere\u00e7o: Rua Nossa Senhora dos Navegantes, 442.<br \/>\n<b>Telefone: 3668 1200 3668 3113<\/b><\/p>\n<p><a>Secretaria de Planejamento, Projetos e Meio Ambiente<\/a><\/p>\n<p>Endere\u00e7o: Rua Nossa Senhora dos Navegantes, 442.<br \/>\n<b>Telefone: 3668 1200 3668 3113<\/b><\/p>\n<p><a>Secretaria de Agricultura<\/a><\/p>\n<p>Endere\u00e7o: Rua Alvaro Alves Camargo, 996.<br \/>\n<strong>Telefone: 3668 1047<\/strong><\/p>\n<p><a>Secretaria de Turismo, Cultura, Desporto e Lazer<\/a><\/p>\n<p>Endere\u00e7o: Av. Luiz Silveira, 20.<br \/>\n<strong>Telefone: 3668 3273<\/strong><\/p>\n<p><a>Secretaria de Desenvolvimento Social<\/a><\/p>\n<p>Endere\u00e7o: Av. \u00c1lvaro Alves Camargo, 1562.<br \/>\n<strong>Telefone: 3668 1853<\/strong><\/p>\n<p><a>Secretaria de Obras<\/a><\/p>\n<p>Endere\u00e7o: Av. \u00c1lvaro Alves Camargo, 1562.<br \/>\n<strong>Telefone: 3668 1047<\/strong><\/p>\n<p><a>Telefones \u00fateis<\/a><\/p>\n<table width=\"435\">\n<tbody>\n<tr>\n<td width=\"198\">BANCO BANRISUL<\/td>\n<td width=\"237\">51 3668-1133<\/td>\n<\/tr>\n<tr>\n<td>BANCO DO BRASIL<\/td>\n<td>51 3668-1232<\/td>\n<\/tr>\n<tr>\n<td>BANCO SICREDI<\/td>\n<td>51 3668-1100<\/td>\n<\/tr>\n<tr>\n<td>BOMBEIROS<\/td>\n<td>(193) 51 3681-1286 \/ 3681-1154<\/td>\n<\/tr>\n<tr>\n<td>BRIGADA MILITAR<\/td>\n<td>(190) 51 3668-1412<\/td>\n<\/tr>\n<tr>\n<td>C\u00c2MARA DE VEREADORES<\/td>\n<td>51 3668-1188<\/td>\n<\/tr>\n<tr>\n<td>CART\u00d3RIO DE REGISTROS<\/td>\n<td>51 3668-1069<\/td>\n<\/tr>\n<tr>\n<td>CEEE<\/td>\n<td>0800-721-2333<\/td>\n<\/tr>\n<tr>\n<td>CONSELHO TUTELAR<\/td>\n<td>51 3668-1587 \/ 9629-3983<\/td>\n<\/tr>\n<tr>\n<td>CONSELHO TUTELAR<\/td>\n<td>51 3625-3822 \/ 3625-5000<\/td>\n<\/tr>\n<tr>\n<td>CORREIOS<\/td>\n<td>51 3668-1135<\/td>\n<\/tr>\n<tr>\n<td>CORSAN<\/td>\n<td>51 3668-1234<\/td>\n<\/tr>\n<tr>\n<td>F\u00d3RUM<\/td>\n<td>51 3668-1278 \/ 3668-1245<\/td>\n<\/tr>\n<tr>\n<td>HOSPITAL S\u00c3O JOS\u00c9<\/td>\n<td>51 3668-1716<\/td>\n<\/tr>\n<tr>\n<td><\/td>\n<td><\/td>\n<\/tr>\n<tr>\n<td>NARC\u00d3TICOS AN\u00d4NIMOS RS<\/td>\n<td>51 3333-3550<\/td>\n<\/tr>\n<tr>\n<td>OAB<\/td>\n<td>51 3668-1059<\/td>\n<\/tr>\n<tr>\n<td>POL\u00cdCIA CIVIL<\/td>\n<td>51 3668-1190<\/td>\n<\/tr>\n<tr>\n<td>POSTO DE SA\u00daDE<\/td>\n<td>51 3668-3123<\/td>\n<\/tr>\n<tr>\n<td>PPREFEITURA MUNICIPAL<\/td>\n<td>51 3668-1200 \/ 3668-1206 \/ 3668-3113<\/td>\n<\/tr>\n<tr>\n<td>PROMOTORIA DA JUSTI\u00c7A<\/td>\n<td>51 3668-3140 \/ 3668-1548<\/td>\n<\/tr>\n<tr>\n<td>R\u00c1DIO CONEX\u00c3O 98.1 FM<\/td>\n<td>51 3668-3191<\/td>\n<\/tr>\n<tr>\n<td>RODOVI\u00c1RIA<\/td>\n<td>51 3668-1860<\/td>\n<\/tr>\n<tr>\n<td>SINE<\/td>\n<td>51 3668-3128<\/td>\n<\/tr>\n<tr>\n<td>TABELIONATO<\/td>\n<td>51 3668-1301<\/td>\n<\/tr>\n<\/tbody>\n<\/table>\n","protected":false},"excerpt":{"rendered":"<p>LISTA ATUALIZADA &nbsp; &nbsp; &nbsp; Sede Municipal Centro de Palmares do Sul Rua Nossa Senhora dos Navegantes, 442 Centro,\u00a0Palmares do Sul &#8211; RS. Fones: e-mail: gabinete@palmaresdosul.rs.gov.br Expediente Horarios de atendimento Todos os pr\u00e9dios p\u00fablicos (com a exce\u00e7\u00e3o da casa de passagem que trabalha 24h) atendendem d\u00e0s 8h \u00e0s 11h30 &#8211; 13h30 \u00e0s 17h. Em regime [&hellip;]<\/p>\n","protected":false},"author":1,"featured_media":0,"parent":0,"menu_order":0,"comment_status":"closed","ping_status":"closed","template":"","meta":{"footnotes":""},"class_list":["post-1007","page","type-page","status-publish","hentry"],"_links":{"self":[{"href":"https:\/\/palmaresdosul.rs.gov.br\/novosite\/wp-json\/wp\/v2\/pages\/1007","targetHints":{"allow":["GET"]}}],"collection":[{"href":"https:\/\/palmaresdosul.rs.gov.br\/novosite\/wp-json\/wp\/v2\/pages"}],"about":[{"href":"https:\/\/palmaresdosul.rs.gov.br\/novosite\/wp-json\/wp\/v2\/types\/page"}],"author":[{"embeddable":true,"href":"https:\/\/palmaresdosul.rs.gov.br\/novosite\/wp-json\/wp\/v2\/users\/1"}],"replies":[{"embeddable":true,"href":"https:\/\/palmaresdosul.rs.gov.br\/novosite\/wp-json\/wp\/v2\/comments?post=1007"}],"version-history":[{"count":8,"href":"https:\/\/palmaresdosul.rs.gov.br\/novosite\/wp-json\/wp\/v2\/pages\/1007\/revisions"}],"predecessor-version":[{"id":15043,"href":"https:\/\/palmaresdosul.rs.gov.br\/novosite\/wp-json\/wp\/v2\/pages\/1007\/revisions\/15043"}],"wp:attachment":[{"href":"https:\/\/palmaresdosul.rs.gov.br\/novosite\/wp-json\/wp\/v2\/media?parent=1007"}],"curies":[{"name":"wp","href":"https:\/\/api.w.org\/{rel}","templated":true}]}}